{"id":81,"date":"2016-05-26T13:08:32","date_gmt":"2016-05-26T12:08:32","guid":{"rendered":"https:\/\/buffet-multisite.buffet-preprod-02.modulodigital.com\/groupe\/fr\/?page_id=81"},"modified":"2016-05-26T13:08:32","modified_gmt":"2016-05-26T12:08:32","slug":"notre-histoire","status":"publish","type":"page","link":"https:\/\/buffet-multisite.buffet-preprod-02.modulodigital.com\/groupe\/fr\/notre-histoire\/","title":{"rendered":"Notre Histoire"},"content":{"rendered":"<br \/>\n<section id=\"cd-timeline\" class=\"cd-container timeline-express\">\n<div class=\"cd-timeline-block mai 26 1789 announcement-76\">\n<div class=\"cd-timeline-img cd-picture icon-no-readmore\" style=\"background:#78b8ae;\">\n<p>\t\t\t<!-- Custom Action Hook --><\/p>\n<p>\t\t\t\t<!-- Standard Font Awesome Icon --><br \/>\n\t\t\t\t<span class=\"fa fa-caret-down\" title=\"1789\"><\/span><\/p><\/div>\n<p> <!-- cd-timeline-img --><\/p>\n<p>\t<!-- Timeline Content --><\/p>\n<div class=\"cd-timeline-content\">\n<p>\t\t<!-- Announcement Title --><\/p>\n<div class=\"cd-timeline-title-container\">\n<h2 class=\"cd-timeline-item-title\">\n\t\t\t\t1789\t\t\t<\/h2>\n<\/p><\/div>\n<p>\t\t<!-- End Announcement Title --><\/p>\n<p>\t\t<img loading=\"lazy\" decoding=\"async\" width=\"289\" height=\"101\" src=\"https:\/\/buffet-multisite.buffet-preprod-02.modulodigital.com\/groupe\/wp-content\/uploads\/sites\/3\/2016\/05\/artboardcopy12-e1464687708772.png\" class=\"announcement-banner-image\" alt=\"1789\" \/><br \/>\n\t\t<!-- Announcement Excerpt --><\/p>\n<div class=\"the-excerpt\">\n<p>Fabrication des premiers cuivres en France par la famille Courtois, au sein de leur atelier rue Mazarine \u00e0 Paris.<\/p>\n<\/p><\/div>\n<p>\t\t<!-- End Announcement Excerpt --><\/p><\/div>\n<p>\t<!-- End Timeline Content --><\/p>\n<\/div>\n<p><!-- End Timeline Block --><\/p>\n<div class=\"cd-timeline-block mai 26 1803 announcement-no-image announcement-130\">\n<div class=\"cd-timeline-img cd-picture icon-no-readmore\" style=\"background:#78b8ae;\">\n<p>\t\t\t<!-- Custom Action Hook --><\/p>\n<p>\t\t\t\t<!-- Standard Font Awesome Icon --><br \/>\n\t\t\t\t<span class=\"fa fa-caret-down\" title=\"1803\"><\/span><\/p><\/div>\n<p> <!-- cd-timeline-img --><\/p>\n<p>\t<!-- Timeline Content --><\/p>\n<div class=\"cd-timeline-content\">\n<p>\t\t<!-- Announcement Title --><\/p>\n<div class=\"cd-timeline-title-container\">\n<h2 class=\"cd-timeline-item-title\">\n\t\t\t\t1803\t\t\t<\/h2>\n<\/p><\/div>\n<p>\t\t<!-- End Announcement Title --><\/p>\n<p>\t\t<!-- Announcement Excerpt --><\/p>\n<div class=\"the-excerpt\">\n<p>La marque Antoine Courtois est cr\u00e9\u00e9e \u00e0 Paris.<\/p>\n<\/p><\/div>\n<p>\t\t<!-- End Announcement Excerpt --><\/p><\/div>\n<p>\t<!-- End Timeline Content --><\/p>\n<\/div>\n<p><!-- End Timeline Block --><\/p>\n<div class=\"cd-timeline-block mai 26 1825 announcement-85\">\n<div class=\"cd-timeline-img cd-picture icon-no-readmore\" style=\"background:#78b8ae;\">\n<p>\t\t\t<!-- Custom Action Hook --><\/p>\n<p>\t\t\t\t<!-- Standard Font Awesome Icon --><br \/>\n\t\t\t\t<span class=\"fa fa-caret-down\" title=\"1825\"><\/span><\/p><\/div>\n<p> <!-- cd-timeline-img --><\/p>\n<p>\t<!-- Timeline Content --><\/p>\n<div class=\"cd-timeline-content\">\n<p>\t\t<!-- Announcement Title --><\/p>\n<div class=\"cd-timeline-title-container\">\n<h2 class=\"cd-timeline-item-title\">\n\t\t\t\t1825\t\t\t<\/h2>\n<\/p><\/div>\n<p>\t\t<!-- End Announcement Title --><\/p>\n<p>\t\t<img loading=\"lazy\" decoding=\"async\" width=\"232\" height=\"106\" src=\"https:\/\/buffet-multisite.buffet-preprod-02.modulodigital.com\/groupe\/wp-content\/uploads\/sites\/3\/2016\/05\/artboardcopy15-e1464687635173.png\" class=\"announcement-banner-image\" alt=\"1825\" \/><br \/>\n\t\t<!-- Announcement Excerpt --><\/p>\n<div class=\"the-excerpt\">\n<p>Le luthier Fran\u00e7ais, Denis Buffet-Auger, installe son atelier en plein coeur de Paris. Il se fait conna\u00eetre tr\u00e8s vite dans le monde musical en fabriquant d\u2019excellentes clarinettes \u00e0 13 cl\u00e9s.<\/p>\n<\/p><\/div>\n<p>\t\t<!-- End Announcement Excerpt --><\/p><\/div>\n<p>\t<!-- End Timeline Content --><\/p>\n<\/div>\n<p><!-- End Timeline Block --><\/p>\n<div class=\"cd-timeline-block mai 26 1836 announcement-no-image announcement-86\">\n<div class=\"cd-timeline-img cd-picture icon-no-readmore\" style=\"background:#69787e;\">\n<p>\t\t\t<!-- Custom Action Hook --><\/p>\n<p>\t\t\t\t<!-- Standard Font Awesome Icon --><br \/>\n\t\t\t\t<span class=\"fa fa-caret-down\" title=\"1836\"><\/span><\/p><\/div>\n<p> <!-- cd-timeline-img --><\/p>\n<p>\t<!-- Timeline Content --><\/p>\n<div class=\"cd-timeline-content\">\n<p>\t\t<!-- Announcement Title --><\/p>\n<div class=\"cd-timeline-title-container\">\n<h2 class=\"cd-timeline-item-title\">\n\t\t\t\t1836\t\t\t<\/h2>\n<\/p><\/div>\n<p>\t\t<!-- End Announcement Title --><\/p>\n<p>\t\t<!-- Announcement Excerpt --><\/p>\n<div class=\"the-excerpt\">\n<p>Jean-Louis Buffet, fils de Denis, \u00e9pouse Zo\u00e9 Crampon et tous deux cr\u00e9ent la c\u00e9l\u00e8bre marque Buffet Crampon.<\/p>\n<\/p><\/div>\n<p>\t\t<!-- End Announcement Excerpt --><\/p><\/div>\n<p>\t<!-- End Timeline Content --><\/p>\n<\/div>\n<p><!-- End Timeline Block --><\/p>\n<div class=\"cd-timeline-block mai 26 1837 announcement-87\">\n<div class=\"cd-timeline-img cd-picture icon-no-readmore\" style=\"background:#78b8ae;\">\n<p>\t\t\t<!-- Custom Action Hook --><\/p>\n<p>\t\t\t\t<!-- Standard Font Awesome Icon --><br \/>\n\t\t\t\t<span class=\"fa fa-caret-down\" title=\"1837\"><\/span><\/p><\/div>\n<p> <!-- cd-timeline-img --><\/p>\n<p>\t<!-- Timeline Content --><\/p>\n<div class=\"cd-timeline-content\">\n<p>\t\t<!-- Announcement Title --><\/p>\n<div class=\"cd-timeline-title-container\">\n<h2 class=\"cd-timeline-item-title\">\n\t\t\t\t1837\t\t\t<\/h2>\n<\/p><\/div>\n<p>\t\t<!-- End Announcement Title --><\/p>\n<p>\t\t<img loading=\"lazy\" decoding=\"async\" width=\"255\" height=\"96\" src=\"https:\/\/buffet-multisite.buffet-preprod-02.modulodigital.com\/groupe\/wp-content\/uploads\/sites\/3\/2016\/05\/artboardcopy13-e1464687685355.png\" class=\"announcement-banner-image\" alt=\"1837\" \/><br \/>\n\t\t<!-- Announcement Excerpt --><\/p>\n<div class=\"the-excerpt\">\n<p>Cr\u00e9ation de la maison Besson.<\/p>\n<\/p><\/div>\n<p>\t\t<!-- End Announcement Excerpt --><\/p><\/div>\n<p>\t<!-- End Timeline Content --><\/p>\n<\/div>\n<p><!-- End Timeline Block --><\/p>\n<div class=\"cd-timeline-block mai 26 1850 announcement-no-image announcement-88\">\n<div class=\"cd-timeline-img cd-picture icon-no-readmore\" style=\"background:#69787e;\">\n<p>\t\t\t<!-- Custom Action Hook --><\/p>\n<p>\t\t\t\t<!-- Standard Font Awesome Icon --><br \/>\n\t\t\t\t<span class=\"fa fa-caret-down\" title=\"1850\"><\/span><\/p><\/div>\n<p> <!-- cd-timeline-img --><\/p>\n<p>\t<!-- Timeline Content --><\/p>\n<div class=\"cd-timeline-content\">\n<p>\t\t<!-- Announcement Title --><\/p>\n<div class=\"cd-timeline-title-container\">\n<h2 class=\"cd-timeline-item-title\">\n\t\t\t\t1850\t\t\t<\/h2>\n<\/p><\/div>\n<p>\t\t<!-- End Announcement Title --><\/p>\n<p>\t\t<!-- Announcement Excerpt --><\/p>\n<div class=\"the-excerpt\">\n<p>Installation des ateliers Buffet Crampon \u00e0 Mantes-la-Ville (Yvelines)<\/p>\n<\/p><\/div>\n<p>\t\t<!-- End Announcement Excerpt --><\/p><\/div>\n<p>\t<!-- End Timeline Content --><\/p>\n<\/div>\n<p><!-- End Timeline Block --><\/p>\n<div class=\"cd-timeline-block mai 26 1918 announcement-no-image announcement-89\">\n<div class=\"cd-timeline-img cd-picture icon-no-readmore\" style=\"background:#69787e;\">\n<p>\t\t\t<!-- Custom Action Hook --><\/p>\n<p>\t\t\t\t<!-- Standard Font Awesome Icon --><br \/>\n\t\t\t\t<span class=\"fa fa-caret-down\" title=\"1918\"><\/span><\/p><\/div>\n<p> <!-- cd-timeline-img --><\/p>\n<p>\t<!-- Timeline Content --><\/p>\n<div class=\"cd-timeline-content\">\n<p>\t\t<!-- Announcement Title --><\/p>\n<div class=\"cd-timeline-title-container\">\n<h2 class=\"cd-timeline-item-title\">\n\t\t\t\t1918\t\t\t<\/h2>\n<\/p><\/div>\n<p>\t\t<!-- End Announcement Title --><\/p>\n<p>\t\t<!-- Announcement Excerpt --><\/p>\n<div class=\"the-excerpt\">\n<p>Buffet Crampon b\u00e9n\u00e9ficie de l&rsquo;extension du march\u00e9 am\u00e9ricain et conforte sa place de leader dans le monde de la clarinette professionnelle.<\/p>\n<\/p><\/div>\n<p>\t\t<!-- End Announcement Excerpt --><\/p><\/div>\n<p>\t<!-- End Timeline Content --><\/p>\n<\/div>\n<p><!-- End Timeline Block --><\/p>\n<div class=\"cd-timeline-block mai 26 1925 announcement-90\">\n<div class=\"cd-timeline-img cd-picture icon-no-readmore\" style=\"background:#69787e;\">\n<p>\t\t\t<!-- Custom Action Hook --><\/p>\n<p>\t\t\t\t<!-- Standard Font Awesome Icon --><br \/>\n\t\t\t\t<span class=\"fa fa-caret-down\" title=\"1925\"><\/span><\/p><\/div>\n<p> <!-- cd-timeline-img --><\/p>\n<p>\t<!-- Timeline Content --><\/p>\n<div class=\"cd-timeline-content\">\n<p>\t\t<!-- Announcement Title --><\/p>\n<div class=\"cd-timeline-title-container\">\n<h2 class=\"cd-timeline-item-title\">\n\t\t\t\t1925\t\t\t<\/h2>\n<\/p><\/div>\n<p>\t\t<!-- End Announcement Title --><\/p>\n<p>\t\t<img loading=\"lazy\" decoding=\"async\" width=\"254\" height=\"94\" src=\"https:\/\/buffet-multisite.buffet-preprod-02.modulodigital.com\/groupe\/wp-content\/uploads\/sites\/3\/2016\/05\/artboardcopy14-1-e1464687789129.jpg\" class=\"announcement-banner-image\" alt=\"1925\" \/><br \/>\n\t\t<!-- Announcement Excerpt --><\/p>\n<div class=\"the-excerpt\">\n<p>Julius Keilwerth cr\u00e9e sa propre marque de saxophones dont la qualit\u00e9 est digne de leur fabrication dans les r\u00e8gles de l&rsquo;art.<\/p>\n<\/p><\/div>\n<p>\t\t<!-- End Announcement Excerpt --><\/p><\/div>\n<p>\t<!-- End Timeline Content --><\/p>\n<\/div>\n<p><!-- End Timeline Block --><\/p>\n<div class=\"cd-timeline-block mai 26 1930 announcement-no-image announcement-91\">\n<div class=\"cd-timeline-img cd-picture icon-no-readmore\" style=\"background:#69787e;\">\n<p>\t\t\t<!-- Custom Action Hook --><\/p>\n<p>\t\t\t\t<!-- Standard Font Awesome Icon --><br \/>\n\t\t\t\t<span class=\"fa fa-caret-down\" title=\"1930\"><\/span><\/p><\/div>\n<p> <!-- cd-timeline-img --><\/p>\n<p>\t<!-- Timeline Content --><\/p>\n<div class=\"cd-timeline-content\">\n<p>\t\t<!-- Announcement Title --><\/p>\n<div class=\"cd-timeline-title-container\">\n<h2 class=\"cd-timeline-item-title\">\n\t\t\t\t1930\t\t\t<\/h2>\n<\/p><\/div>\n<p>\t\t<!-- End Announcement Title --><\/p>\n<p>\t\t<!-- Announcement Excerpt --><\/p>\n<div class=\"the-excerpt\">\n<p>La marque Keilwerth construit son premier site \u00e0 Graslitz (Allemagne).<\/p>\n<\/p><\/div>\n<p>\t\t<!-- End Announcement Excerpt --><\/p><\/div>\n<p>\t<!-- End Timeline Content --><\/p>\n<\/div>\n<p><!-- End Timeline Block --><\/p>\n<div class=\"cd-timeline-block mai 26 1938 announcement-no-image announcement-92\">\n<div class=\"cd-timeline-img cd-picture icon-no-readmore\" style=\"background:#69787e;\">\n<p>\t\t\t<!-- Custom Action Hook --><\/p>\n<p>\t\t\t\t<!-- Standard Font Awesome Icon --><br \/>\n\t\t\t\t<span class=\"fa fa-caret-down\" title=\"1938\"><\/span><\/p><\/div>\n<p> <!-- cd-timeline-img --><\/p>\n<p>\t<!-- Timeline Content --><\/p>\n<div class=\"cd-timeline-content\">\n<p>\t\t<!-- Announcement Title --><\/p>\n<div class=\"cd-timeline-title-container\">\n<h2 class=\"cd-timeline-item-title\">\n\t\t\t\t1938\t\t\t<\/h2>\n<\/p><\/div>\n<p>\t\t<!-- End Announcement Title --><\/p>\n<p>\t\t<!-- Announcement Excerpt --><\/p>\n<div class=\"the-excerpt\">\n<p>Keilwerth continue de se d\u00e9velopper et devient la plus importante fabrique de saxophones en Allemagne, employant 150 salari\u00e9s et exportant par an 2024 saxophones par an dans 22 pays.<\/p>\n<\/p><\/div>\n<p>\t\t<!-- End Announcement Excerpt --><\/p><\/div>\n<p>\t<!-- End Timeline Content --><\/p>\n<\/div>\n<p><!-- End Timeline Block --><\/p>\n<div class=\"cd-timeline-block mai 26 1969 announcement-no-image announcement-93\">\n<div class=\"cd-timeline-img cd-picture icon-no-readmore\" style=\"background:#69787e;\">\n<p>\t\t\t<!-- Custom Action Hook --><\/p>\n<p>\t\t\t\t<!-- Standard Font Awesome Icon --><br \/>\n\t\t\t\t<span class=\"fa fa-caret-down\" title=\"1969\"><\/span><\/p><\/div>\n<p> <!-- cd-timeline-img --><\/p>\n<p>\t<!-- Timeline Content --><\/p>\n<div class=\"cd-timeline-content\">\n<p>\t\t<!-- Announcement Title --><\/p>\n<div class=\"cd-timeline-title-container\">\n<h2 class=\"cd-timeline-item-title\">\n\t\t\t\t1969\t\t\t<\/h2>\n<\/p><\/div>\n<p>\t\t<!-- End Announcement Title --><\/p>\n<p>\t\t<!-- Announcement Excerpt --><\/p>\n<div class=\"the-excerpt\">\n<p>Schreiber fusionne avec le groupe am\u00e9ricain Tolchin, ainsi qu\u2019avec les fabricants d\u2019instruments \u00e0 cordes Roderich Paesold, de bo\u00eetes Jakob Winter et Buffet Crampon.<\/p>\n<\/p><\/div>\n<p>\t\t<!-- End Announcement Excerpt --><\/p><\/div>\n<p>\t<!-- End Timeline Content --><\/p>\n<\/div>\n<p><!-- End Timeline Block --><\/p>\n<div class=\"cd-timeline-block mai 26 1981 announcement-no-image announcement-94\">\n<div class=\"cd-timeline-img cd-picture icon-no-readmore\" style=\"background:#69787e;\">\n<p>\t\t\t<!-- Custom Action Hook --><\/p>\n<p>\t\t\t\t<!-- Standard Font Awesome Icon --><br \/>\n\t\t\t\t<span class=\"fa fa-caret-down\" title=\"1981\"><\/span><\/p><\/div>\n<p> <!-- cd-timeline-img --><\/p>\n<p>\t<!-- Timeline Content --><\/p>\n<div class=\"cd-timeline-content\">\n<p>\t\t<!-- Announcement Title --><\/p>\n<div class=\"cd-timeline-title-container\">\n<h2 class=\"cd-timeline-item-title\">\n\t\t\t\t1981\t\t\t<\/h2>\n<\/p><\/div>\n<p>\t\t<!-- End Announcement Title --><\/p>\n<p>\t\t<!-- Announcement Excerpt --><\/p>\n<div class=\"the-excerpt\">\n<p>Buffet Crampon est rachet\u00e9 par le c\u00e9l\u00e8bre groupe d\u2019\u00e9ditions musicales Boosey&amp;Hawkes de Londres, dont l\u2019origine remonte \u00e0 1760.<\/p>\n<\/p><\/div>\n<p>\t\t<!-- End Announcement Excerpt --><\/p><\/div>\n<p>\t<!-- End Timeline Content --><\/p>\n<\/div>\n<p><!-- End Timeline Block --><\/p>\n<div class=\"cd-timeline-block mai 26 2005 announcement-no-image announcement-95\">\n<div class=\"cd-timeline-img cd-picture icon-no-readmore\" style=\"background:#69787e;\">\n<p>\t\t\t<!-- Custom Action Hook --><\/p>\n<p>\t\t\t\t<!-- Standard Font Awesome Icon --><br \/>\n\t\t\t\t<span class=\"fa fa-caret-down\" title=\"2005\"><\/span><\/p><\/div>\n<p> <!-- cd-timeline-img --><\/p>\n<p>\t<!-- Timeline Content --><\/p>\n<div class=\"cd-timeline-content\">\n<p>\t\t<!-- Announcement Title --><\/p>\n<div class=\"cd-timeline-title-container\">\n<h2 class=\"cd-timeline-item-title\">\n\t\t\t\t2005\t\t\t<\/h2>\n<\/p><\/div>\n<p>\t\t<!-- End Announcement Title --><\/p>\n<p>\t\t<!-- Announcement Excerpt --><\/p>\n<div class=\"the-excerpt\">\n<p>Buffet Crampon retrouve son ind\u00e9pendance gr\u00e2ce \u00e0 un MBO \u00e0 l\u2019initiative de son Pr\u00e9sident Paul Baronnat et des fonds conseill\u00e9s par Argos Soditic.<\/p>\n<\/p><\/div>\n<p>\t\t<!-- End Announcement Excerpt --><\/p><\/div>\n<p>\t<!-- End Timeline Content --><\/p>\n<\/div>\n<p><!-- End Timeline Block --><\/p>\n<div class=\"cd-timeline-block mai 26 2006 announcement-no-image announcement-96\">\n<div class=\"cd-timeline-img cd-picture icon-no-readmore\" style=\"background:#69787e;\">\n<p>\t\t\t<!-- Custom Action Hook --><\/p>\n<p>\t\t\t\t<!-- Standard Font Awesome Icon --><br \/>\n\t\t\t\t<span class=\"fa fa-caret-down\" title=\"2006\"><\/span><\/p><\/div>\n<p> <!-- cd-timeline-img --><\/p>\n<p>\t<!-- Timeline Content --><\/p>\n<div class=\"cd-timeline-content\">\n<p>\t\t<!-- Announcement Title --><\/p>\n<div class=\"cd-timeline-title-container\">\n<h2 class=\"cd-timeline-item-title\">\n\t\t\t\t2006\t\t\t<\/h2>\n<\/p><\/div>\n<p>\t\t<!-- End Announcement Title --><\/p>\n<p>\t\t<!-- Announcement Excerpt --><\/p>\n<div class=\"the-excerpt\">\n<p>Buffet Crampon acquiert deux c\u00e9l\u00e8bres marques de cuivres : Antoine Courtois Paris et Besson.<\/p>\n<\/p><\/div>\n<p>\t\t<!-- End Announcement Excerpt --><\/p><\/div>\n<p>\t<!-- End Timeline Content --><\/p>\n<\/div>\n<p><!-- End Timeline Block --><\/p>\n<div class=\"cd-timeline-block mai 26 2010 announcement-no-image announcement-97\">\n<div class=\"cd-timeline-img cd-picture icon-no-readmore\" style=\"background:#69787e;\">\n<p>\t\t\t<!-- Custom Action Hook --><\/p>\n<p>\t\t\t\t<!-- Standard Font Awesome Icon --><br \/>\n\t\t\t\t<span class=\"fa fa-caret-down\" title=\"2010\"><\/span><\/p><\/div>\n<p> <!-- cd-timeline-img --><\/p>\n<p>\t<!-- Timeline Content --><\/p>\n<div class=\"cd-timeline-content\">\n<p>\t\t<!-- Announcement Title --><\/p>\n<div class=\"cd-timeline-title-container\">\n<h2 class=\"cd-timeline-item-title\">\n\t\t\t\t2010\t\t\t<\/h2>\n<\/p><\/div>\n<p>\t\t<!-- End Announcement Title --><\/p>\n<p>\t\t<!-- Announcement Excerpt --><\/p>\n<div class=\"the-excerpt\">\n<p>Buffet Crampon acquiert les marques allemandes W. Schreiber et J. Keilwerth.<\/p>\n<\/p><\/div>\n<p>\t\t<!-- End Announcement Excerpt --><\/p><\/div>\n<p>\t<!-- End Timeline Content --><\/p>\n<\/div>\n<p><!-- End Timeline Block --><\/p>\n<div class=\"cd-timeline-block mai 26 2012 announcement-no-image announcement-98\">\n<div class=\"cd-timeline-img cd-picture icon-no-readmore\" style=\"background:#69787e;\">\n<p>\t\t\t<!-- Custom Action Hook --><\/p>\n<p>\t\t\t\t<!-- Standard Font Awesome Icon --><br \/>\n\t\t\t\t<span class=\"fa fa-caret-down\" title=\"2012\"><\/span><\/p><\/div>\n<p> <!-- cd-timeline-img --><\/p>\n<p>\t<!-- Timeline Content --><\/p>\n<div class=\"cd-timeline-content\">\n<p>\t\t<!-- Announcement Title --><\/p>\n<div class=\"cd-timeline-title-container\">\n<h2 class=\"cd-timeline-item-title\">\n\t\t\t\t2012\t\t\t<\/h2>\n<\/p><\/div>\n<p>\t\t<!-- End Announcement Title --><\/p>\n<p>\t\t<!-- Announcement Excerpt --><\/p>\n<div class=\"the-excerpt\">\n<p>Buffet Group affirme sa nouvelle ambition : \u00eatre la r\u00e9f\u00e9rence des instruments \u00e0 vent par le biais d&rsquo;une nouvelle identit\u00e9 visuelle \u00e9tay\u00e9e d&rsquo;une signature visionnaire porteuse de ses valeurs.<\/p>\n<\/p><\/div>\n<p>\t\t<!-- End Announcement Excerpt --><\/p><\/div>\n<p>\t<!-- End Timeline Content --><\/p>\n<\/div>\n<p><!-- End Timeline Block --><\/p>\n<div class=\"cd-timeline-block mai 26 2013 announcement-no-image announcement-99\">\n<div class=\"cd-timeline-img cd-picture icon-no-readmore\" style=\"background:#69787e;\">\n<p>\t\t\t<!-- Custom Action Hook --><\/p>\n<p>\t\t\t\t<!-- Standard Font Awesome Icon --><br \/>\n\t\t\t\t<span class=\"fa fa-caret-down\" title=\"2013\"><\/span><\/p><\/div>\n<p> <!-- cd-timeline-img --><\/p>\n<p>\t<!-- Timeline Content --><\/p>\n<div class=\"cd-timeline-content\">\n<p>\t\t<!-- Announcement Title --><\/p>\n<div class=\"cd-timeline-title-container\">\n<h2 class=\"cd-timeline-item-title\">\n\t\t\t\t2013\t\t\t<\/h2>\n<\/p><\/div>\n<p>\t\t<!-- End Announcement Title --><\/p>\n<p>\t\t<!-- Announcement Excerpt --><\/p>\n<div class=\"the-excerpt\">\n<p>Buffet Group r\u00e9alise l\u2019acquisition de B&amp;S GmbH, entreprise familiale allemande fond\u00e9e il y a 250 ans et qui est le premier fabricant allemand de cuivres. Les marques B&amp;S, Hans Hoyer, Melton Meinl Weston et J. Scherzer viennent rejoindre les autres marques de Buffet Group.<\/p>\n<\/p><\/div>\n<p>\t\t<!-- End Announcement Excerpt --><\/p><\/div>\n<p>\t<!-- End Timeline Content --><\/p>\n<\/div>\n<p><!-- End Timeline Block --><\/p>\n<div class=\"cd-timeline-block mai 26 2014 announcement-100\">\n<div class=\"cd-timeline-img cd-picture icon-no-readmore\" style=\"background:#78b8ae;\">\n<p>\t\t\t<!-- Custom Action Hook --><\/p>\n<p>\t\t\t\t<!-- Standard Font Awesome Icon --><br \/>\n\t\t\t\t<span class=\"fa fa-caret-down\" title=\"2014\"><\/span><\/p><\/div>\n<p> <!-- cd-timeline-img --><\/p>\n<p>\t<!-- Timeline Content --><\/p>\n<div class=\"cd-timeline-content\">\n<p>\t\t<!-- Announcement Title --><\/p>\n<div class=\"cd-timeline-title-container\">\n<h2 class=\"cd-timeline-item-title\">\n\t\t\t\t2014\t\t\t<\/h2>\n<\/p><\/div>\n<p>\t\t<!-- End Announcement Title --><\/p>\n<p>\t\t<img loading=\"lazy\" decoding=\"async\" width=\"350\" height=\"120\" src=\"https:\/\/buffet-multisite.buffet-preprod-02.modulodigital.com\/groupe\/wp-content\/uploads\/sites\/3\/2016\/05\/artboardcopy.png\" class=\"announcement-banner-image\" alt=\"2014\" \/><br \/>\n\t\t<!-- Announcement Excerpt --><\/p>\n<div class=\"the-excerpt\">\n<p>J\u00e9r\u00f4me Perrod est nomm\u00e9 Pr\u00e9sident du Directoire de Buffet Group. \u00ab Je me r\u00e9jouis de rejoindre cette formidable entreprise, multi-centenaire, pour la conduire dans une nouvelle \u00e9tape de sa croissance. Adoss\u00e9e \u00e0 des savoir-faire exceptionnels en France et en Allemagne, des \u00e9quipes de tr\u00e8s grands professionnels, Buffet Group dispose de tous les moyens pour acc\u00e9l\u00e9rer son d\u00e9veloppement en Europe et \u00e0 l\u2019international \u00bb a d\u00e9clar\u00e9 J\u00e9r\u00f4me Perrod.<\/p>\n<\/p><\/div>\n<p>\t\t<!-- End Announcement Excerpt --><\/p><\/div>\n<p>\t<!-- End Timeline Content --><\/p>\n<\/div>\n<p><!-- End Timeline Block --><\/p>\n<div class=\"cd-timeline-block mai 26 2015 announcement-102\">\n<div class=\"cd-timeline-img cd-picture icon-no-readmore\" style=\"background:#69787e;\">\n<p>\t\t\t<!-- Custom Action Hook --><\/p>\n<p>\t\t\t\t<!-- Standard Font Awesome Icon --><br \/>\n\t\t\t\t<span class=\"fa fa-caret-down\" title=\"2015\"><\/span><\/p><\/div>\n<p> <!-- cd-timeline-img --><\/p>\n<p>\t<!-- Timeline Content --><\/p>\n<div class=\"cd-timeline-content\">\n<p>\t\t<!-- Announcement Title --><\/p>\n<div class=\"cd-timeline-title-container\">\n<h2 class=\"cd-timeline-item-title\">\n\t\t\t\t2015\t\t\t<\/h2>\n<\/p><\/div>\n<p>\t\t<!-- End Announcement Title --><\/p>\n<p>\t\t<img loading=\"lazy\" decoding=\"async\" width=\"350\" height=\"120\" src=\"https:\/\/buffet-multisite.buffet-preprod-02.modulodigital.com\/groupe\/wp-content\/uploads\/sites\/3\/2016\/05\/artboard.png\" class=\"announcement-banner-image\" alt=\"2015\" \/><br \/>\n\t\t<!-- Announcement Excerpt --><\/p>\n<div class=\"the-excerpt\">\n<p>En 2015 Buffet Crampon f\u00eate ses 190 ans! Un anniversaire dignement c\u00e9l\u00e9br\u00e9 \u00e0 la Maison de la Radio avec un concert exceptionnel.<\/p>\n<\/p><\/div>\n<p>\t\t<!-- End Announcement Excerpt --><\/p><\/div>\n<p>\t<!-- End Timeline Content --><\/p>\n<\/div>\n<p><!-- End Timeline Block --><\/p>\n<div class=\"cd-timeline-block mai 30 2015 announcement-no-image announcement-402\">\n<div class=\"cd-timeline-img cd-picture icon-no-readmore\" style=\"background:#69787e;\">\n<p>\t\t\t<!-- Custom Action Hook --><\/p>\n<p>\t\t\t\t<!-- Standard Font Awesome Icon --><br \/>\n\t\t\t\t<span class=\"fa fa-caret-down\" title=\"2015\"><\/span><\/p><\/div>\n<p> <!-- cd-timeline-img --><\/p>\n<p>\t<!-- Timeline Content --><\/p>\n<div class=\"cd-timeline-content\">\n<p>\t\t<!-- Announcement Title --><\/p>\n<div class=\"cd-timeline-title-container\">\n<h2 class=\"cd-timeline-item-title\">\n\t\t\t\t2015\t\t\t<\/h2>\n<\/p><\/div>\n<p>\t\t<!-- End Announcement Title --><\/p>\n<p>\t\t<!-- Announcement Excerpt --><\/p>\n<div class=\"the-excerpt\">\n<p>Musiciens et amis du monde entier c\u00e9l\u00e8brent le 190\u00e8me anniversaire de la marque Buffet Crampon \u00e0 la Maison de la Radio \u00e0 Paris.<\/p>\n<\/p><\/div>\n<p>\t\t<!-- End Announcement Excerpt --><\/p><\/div>\n<p>\t<!-- End Timeline Content --><\/p>\n<\/div>\n<p><!-- End Timeline Block --><\/p>\n<\/section>\n<p>\t\t\t<!-- Timeline Express Free v1.8.1 | Site: https:\/\/www.wp-timelineexpress.com | Author: CodeParrots - http:\/\/www.codeparrots.com --><\/p>\n","protected":false},"excerpt":{"rendered":"","protected":false},"author":2,"featured_media":0,"parent":0,"menu_order":0,"comment_status":"closed","ping_status":"closed","template":"","meta":{"_acf_changed":false,"_relevanssi_hide_post":"","_relevanssi_pin_for_all":"","_relevanssi_pin_keywords":"","_relevanssi_unpin_keywords":"","_relevanssi_related_keywords":"","_relevanssi_related_include_ids":"","_relevanssi_related_exclude_ids":"","_relevanssi_related_no_append":"","_relevanssi_related_not_related":"","_relevanssi_related_posts":"","_relevanssi_noindex_reason":"","footnotes":""},"class_list":["post-81","page","type-page","status-publish","hentry"],"acf":[],"_links":{"self":[{"href":"https:\/\/buffet-multisite.buffet-preprod-02.modulodigital.com\/groupe\/fr\/wp-json\/wp\/v2\/pages\/81","targetHints":{"allow":["GET"]}}],"collection":[{"href":"https:\/\/buffet-multisite.buffet-preprod-02.modulodigital.com\/groupe\/fr\/wp-json\/wp\/v2\/pages"}],"about":[{"href":"https:\/\/buffet-multisite.buffet-preprod-02.modulodigital.com\/groupe\/fr\/wp-json\/wp\/v2\/types\/page"}],"author":[{"embeddable":true,"href":"https:\/\/buffet-multisite.buffet-preprod-02.modulodigital.com\/groupe\/fr\/wp-json\/wp\/v2\/users\/2"}],"replies":[{"embeddable":true,"href":"https:\/\/buffet-multisite.buffet-preprod-02.modulodigital.com\/groupe\/fr\/wp-json\/wp\/v2\/comments?post=81"}],"version-history":[{"count":1,"href":"https:\/\/buffet-multisite.buffet-preprod-02.modulodigital.com\/groupe\/fr\/wp-json\/wp\/v2\/pages\/81\/revisions"}],"predecessor-version":[{"id":82,"href":"https:\/\/buffet-multisite.buffet-preprod-02.modulodigital.com\/groupe\/fr\/wp-json\/wp\/v2\/pages\/81\/revisions\/82"}],"wp:attachment":[{"href":"https:\/\/buffet-multisite.buffet-preprod-02.modulodigital.com\/groupe\/fr\/wp-json\/wp\/v2\/media?parent=81"}],"curies":[{"name":"wp","href":"https:\/\/api.w.org\/{rel}","templated":true}]}}