{"id":72,"date":"2016-05-26T10:05:35","date_gmt":"2016-05-26T09:05:35","guid":{"rendered":"https:\/\/buffet-multisite.buffet-preprod-02.modulodigital.com\/groupe\/fr\/?page_id=72"},"modified":"2016-05-27T12:58:37","modified_gmt":"2016-05-27T11:58:37","slug":"philosophie","status":"publish","type":"page","link":"https:\/\/buffet-multisite.buffet-preprod-02.modulodigital.com\/groupe\/fr\/philosophie\/","title":{"rendered":"Philosophie"},"content":{"rendered":"<h3>NOS VALEURS<\/h3>\n<p>Les valeurs de Buffet Crampon reposent sur l\u2019excellence, le savoir-faire et la capacit\u00e9 d\u2019innovation. Nous croyons aussi profond\u00e9ment au talent de nos collaborateurs et \u00e0 un dialogue permanent avec nos amis musiciens du monde entier.<\/p>\n<p>C\u2019est pourquoi nos marques, capital essentiel de Buffet Crampon\u00a0avec nos collaborateurs, ont toutes en commun l\u2019excellence artistique, l\u2019exigence de la perfection, la beaut\u00e9 et la personnalit\u00e9 musicale des instruments.<\/p>\n<p>Au-del\u00e0 des valeurs communes qui forgent la coh\u00e9rence du Groupe, nous sommes tr\u00e8s attach\u00e9s \u00e0 continuer \u00e0 d\u00e9velopper la personnalit\u00e9 propre de nos marques. Elles ont chacune un ADN que nous nous devons de pr\u00e9server.<\/p>\n<p>Les marques de Buffet Crampon\u00a0se sont d\u00e9velopp\u00e9es il y a plusieurs si\u00e8cles autour de savoir-faire de lutherie d\u2019exception. Ce patrimoine demeure le gage de reconnaissance de nos fabrications \u00ab Made in France \u00bb et \u00ab Made in Germany \u00bb et depuis quelques semaines \u00ab\u00a0Made in USA\u00a0\u00bb.<\/p>\n<h3><strong>SAVOIR FAIRE ET INNOVATION<\/strong><\/h3>\n<p>Notre savoir-faire est complexe et pr\u00e9cieux parce que long \u00e0 acqu\u00e9rir, et humainement ambitieux \u00e0 transmettre. Il est tr\u00e8s fr\u00e9quent, dans notre Groupe, de mesurer la dur\u00e9e de la formation en ann\u00e9es. Cela implique de recruter des jeunes apprentis passionn\u00e9s par le m\u00e9tier de luthier, de se donner les moyens de leur transmettre le go\u00fbt du travail d\u2019exception et de les faire travailler avec les anciens afin que progressivement ils puissent acqu\u00e9rir et faire briller de fa\u00e7on \u00e9tincelante l\u2019apprentissage re\u00e7u. Notre savoir-faire nous permet de forger l\u2019identit\u00e9 et la m\u00e9moire de tous nos instruments.<\/p>\n<p>Depuis presque 200 ans, les musiciens continuent ainsi \u00e0 trouver, dans nos dix\u00a0marques, l\u2019excellence et la passion de la musique.<\/p>\n<p>Dans un dialogue complice et intuitif avec les artistes les plus renomm\u00e9s, l\u2019ambition de Buffet Crampon\u00a0\u00a0est d\u2019allier tradition et modernit\u00e9, savoir-faire et cr\u00e9ation, histoire et innovation afin de proposer des instruments de r\u00e9f\u00e9rence.<\/p>\n","protected":false},"excerpt":{"rendered":"<p>NOS VALEURS Les valeurs de Buffet Crampon reposent sur l\u2019excellence, le savoir-faire et la capacit\u00e9 d\u2019innovation. Nous croyons aussi profond\u00e9ment au talent de nos collaborateurs et \u00e0 un dialogue permanent avec nos amis musiciens du monde entier. C\u2019est pourquoi nos marques, capital essentiel de Buffet Crampon\u00a0avec nos collaborateurs, ont toutes en commun l\u2019excellence artistique, l\u2019exigence [&hellip;]<\/p>\n","protected":false},"author":2,"featured_media":0,"parent":0,"menu_order":0,"comment_status":"closed","ping_status":"closed","template":"","meta":{"_acf_changed":false,"_relevanssi_hide_post":"","_relevanssi_pin_for_all":"","_relevanssi_pin_keywords":"","_relevanssi_unpin_keywords":"","_relevanssi_related_keywords":"","_relevanssi_related_include_ids":"","_relevanssi_related_exclude_ids":"","_relevanssi_related_no_append":"","_relevanssi_related_not_related":"","_relevanssi_related_posts":"","_relevanssi_noindex_reason":"","footnotes":""},"class_list":["post-72","page","type-page","status-publish","hentry"],"acf":[],"_links":{"self":[{"href":"https:\/\/buffet-multisite.buffet-preprod-02.modulodigital.com\/groupe\/fr\/wp-json\/wp\/v2\/pages\/72","targetHints":{"allow":["GET"]}}],"collection":[{"href":"https:\/\/buffet-multisite.buffet-preprod-02.modulodigital.com\/groupe\/fr\/wp-json\/wp\/v2\/pages"}],"about":[{"href":"https:\/\/buffet-multisite.buffet-preprod-02.modulodigital.com\/groupe\/fr\/wp-json\/wp\/v2\/types\/page"}],"author":[{"embeddable":true,"href":"https:\/\/buffet-multisite.buffet-preprod-02.modulodigital.com\/groupe\/fr\/wp-json\/wp\/v2\/users\/2"}],"replies":[{"embeddable":true,"href":"https:\/\/buffet-multisite.buffet-preprod-02.modulodigital.com\/groupe\/fr\/wp-json\/wp\/v2\/comments?post=72"}],"version-history":[{"count":4,"href":"https:\/\/buffet-multisite.buffet-preprod-02.modulodigital.com\/groupe\/fr\/wp-json\/wp\/v2\/pages\/72\/revisions"}],"predecessor-version":[{"id":185,"href":"https:\/\/buffet-multisite.buffet-preprod-02.modulodigital.com\/groupe\/fr\/wp-json\/wp\/v2\/pages\/72\/revisions\/185"}],"wp:attachment":[{"href":"https:\/\/buffet-multisite.buffet-preprod-02.modulodigital.com\/groupe\/fr\/wp-json\/wp\/v2\/media?parent=72"}],"curies":[{"name":"wp","href":"https:\/\/api.w.org\/{rel}","templated":true}]}}