{"id":59,"date":"2016-05-26T09:37:44","date_gmt":"2016-05-26T08:37:44","guid":{"rendered":"https:\/\/buffet-multisite.buffet-preprod-02.modulodigital.com\/groupe\/fr\/?page_id=59"},"modified":"2017-06-01T09:22:18","modified_gmt":"2017-06-01T08:22:18","slug":"chiffres-cles","status":"publish","type":"page","link":"https:\/\/buffet-multisite.buffet-preprod-02.modulodigital.com\/groupe\/fr\/chiffres-cles\/","title":{"rendered":"Chiffres cl\u00e9s"},"content":{"rendered":"<h3 style=\"text-align: center;\"><img loading=\"lazy\" decoding=\"async\" class=\"wp-image-107 size-full aligncenter\" src=\"https:\/\/buffet-multisite.buffet-preprod-02.modulodigital.com\/groupe\/wp-content\/uploads\/sites\/3\/2017\/06\/10_brands.jpg\" alt=\"10 brands\" width=\"188\" height=\"188\" \/><br \/>\nBrands<\/h3>\n<p style=\"text-align: center;\">Buffet Crampon,\u00a0Besson,\u00a0B&amp;S,\u00a0Antoine Courtois,\u00a0Hans Hoyer,\u00a0J. Keilwerth,\u00a0Melton Meinl Weston, Powell,\u00a0Scherzer,\u00a0W. Schreiber<\/p>\n<p>&nbsp;<\/p>\n<hr \/>\n<div class='cols w3col'>\n<div class='col'>\n<div class='col-wrap'>\n<h3 style=\"text-align: center;\"><img loading=\"lazy\" decoding=\"async\" class=\"no-resize wp-image-109 size-full aligncenter\" src=\"https:\/\/buffet-multisite.buffet-preprod-02.modulodigital.com\/groupe\/wp-content\/uploads\/sites\/3\/2017\/06\/900_associates.jpg\" alt=\"900 associates\" width=\"188\" height=\"188\" \/>collaborateurs<\/h3>\n<\/div>\n<\/div>\n<div class='col'>\n<div class='col-wrap'>\n<h3 style=\"text-align: center;\"><img loading=\"lazy\" decoding=\"async\" class=\"no-resize aligncenter wp-image-108 size-full\" src=\"https:\/\/buffet-multisite.buffet-preprod-02.modulodigital.com\/groupe\/wp-content\/uploads\/sites\/3\/2017\/06\/12_nationalities.jpg\" alt=\"12 nationalities\" width=\"188\" height=\"188\" \/>nationalit\u00e9s<\/h3>\n<\/div>\n<\/div>\n<div class='col'>\n<div class='col-wrap'>\n<h3 style=\"text-align: center;\"><img loading=\"lazy\" decoding=\"async\" class=\"no-resize wp-image-106 size-full aligncenter\" src=\"https:\/\/buffet-multisite.buffet-preprod-02.modulodigital.com\/groupe\/wp-content\/uploads\/sites\/3\/2017\/06\/7_production-sites.jpg\" alt=\"7 production sites\" width=\"188\" height=\"188\" \/>sites de production<\/h3>\n<\/div>\n<\/div>\n<\/div>\n<p class=\"p1\">Puissant r\u00e9seau mondial de distribution mondiale avec 4 filiales aux Etats-Unis, Japon, Chine et Allemagne et relation directe avec plusieurs centaines de magasins de musique en Europe, Asie-Oc\u00e9anie et Am\u00e9rique du Sud \u00e0 partir du si\u00e8ge social \u00e0 Mantes La Ville.<\/p>\n<p class=\"p4\" style=\"text-align: center;\"><strong><span class=\"s1\">6% FRANCE \u00a0<\/span><\/strong><strong><span class=\"s1\">94% INTERNATIONAL \u00a0<\/span><\/strong><strong><span class=\"s1\">30% USA \u00a0<\/span><\/strong><strong><span class=\"s1\">40% ASIE<\/span><\/strong><\/p>\n<hr \/>\n<h3 style=\"text-align: center;\">Actionnaires Buffet Crampon<\/h3>\n<p><center><a href=\"http:\/\/www.fondationscapital.com\/\"><img loading=\"lazy\" decoding=\"async\" class=\"wp-image-208 size-medium aligncenter\" src=\"https:\/\/buffet-multisite.buffet-preprod-02.modulodigital.com\/groupe\/wp-content\/uploads\/sites\/3\/2016\/05\/screenshot2016-06-15at17.04.28-1-300x63.jpg\" alt=\"Screen Shot 2016-06-15 at 17.04.28\" width=\"300\" height=\"63\" srcset=\"https:\/\/buffet-multisite.buffet-preprod-02.modulodigital.com\/groupe\/wp-content\/uploads\/sites\/3\/2016\/05\/screenshot2016-06-15at17.04.28-1-300x63.jpg 300w, https:\/\/buffet-multisite.buffet-preprod-02.modulodigital.com\/groupe\/wp-content\/uploads\/sites\/3\/2016\/05\/screenshot2016-06-15at17.04.28-1-768x161.jpg 768w, https:\/\/buffet-multisite.buffet-preprod-02.modulodigital.com\/groupe\/wp-content\/uploads\/sites\/3\/2016\/05\/screenshot2016-06-15at17.04.28-1-930x195.jpg 930w, https:\/\/buffet-multisite.buffet-preprod-02.modulodigital.com\/groupe\/wp-content\/uploads\/sites\/3\/2016\/05\/screenshot2016-06-15at17.04.28-1-633x133.jpg 633w, https:\/\/buffet-multisite.buffet-preprod-02.modulodigital.com\/groupe\/wp-content\/uploads\/sites\/3\/2016\/05\/screenshot2016-06-15at17.04.28-1-210x44.jpg 210w, https:\/\/buffet-multisite.buffet-preprod-02.modulodigital.com\/groupe\/wp-content\/uploads\/sites\/3\/2016\/05\/screenshot2016-06-15at17.04.28-1-245x51.jpg 245w, https:\/\/buffet-multisite.buffet-preprod-02.modulodigital.com\/groupe\/wp-content\/uploads\/sites\/3\/2016\/05\/screenshot2016-06-15at17.04.28-1.jpg 952w\" sizes=\"auto, (max-width: 300px) 100vw, 300px\" \/><\/a><\/center><a href=\"http:\/\/www.fondationscapital.com\/\" target=\"_blank\">Fondations Capital<\/a> est une soci\u00e9t\u00e9 de gestion en capital investissement qui investit en tant qu&rsquo;actionnaire majoritaire dans des entreprises de taille interm\u00e9diaire leaders sur leur march\u00e9 comme Buffet Crampon.<\/p>\n<p>Fondations Capital agit en tant qu\u2019agent de changement et de transformation dans les soci\u00e9t\u00e9s de son portefeuille. Investisseur responsable et impliqu\u00e9, Fondations Capital agit dans une logique de cr\u00e9ation de valeur par la croissance, l\u2019innovation et le d\u00e9veloppement international en s\u2019appuyant sur les forces et le savoir-faire des entreprises dont il est actionnaire. Fondations Capital attache une attention particuli\u00e8re \u00e0 l\u2019opportunit\u00e9 de d\u00e9veloppement de ses entreprises europ\u00e9ennes en Asie.<\/p>\n<p><center><br \/>\n<img loading=\"lazy\" decoding=\"async\" class=\"wp-image-225 aligncenter\" src=\"https:\/\/buffet-multisite.buffet-preprod-02.modulodigital.com\/groupe\/wp-content\/uploads\/sites\/3\/2016\/05\/logobpifrance-1-300x95.jpg\" alt=\"logo bpifrance\" width=\"161\" height=\"51\" srcset=\"https:\/\/buffet-multisite.buffet-preprod-02.modulodigital.com\/groupe\/wp-content\/uploads\/sites\/3\/2016\/05\/logobpifrance-1-300x95.jpg 300w, https:\/\/buffet-multisite.buffet-preprod-02.modulodigital.com\/groupe\/wp-content\/uploads\/sites\/3\/2016\/05\/logobpifrance-1-210x67.jpg 210w, https:\/\/buffet-multisite.buffet-preprod-02.modulodigital.com\/groupe\/wp-content\/uploads\/sites\/3\/2016\/05\/logobpifrance-1-245x78.jpg 245w, https:\/\/buffet-multisite.buffet-preprod-02.modulodigital.com\/groupe\/wp-content\/uploads\/sites\/3\/2016\/05\/logobpifrance-1.jpg 539w\" sizes=\"auto, (max-width: 161px) 100vw, 161px\" \/><br \/>\n<img loading=\"lazy\" decoding=\"async\" class=\"wp-image-241 aligncenter\" src=\"https:\/\/buffet-multisite.buffet-preprod-02.modulodigital.com\/groupe\/wp-content\/uploads\/sites\/3\/2016\/05\/logobnp.jpg\" alt=\"LOGOBNP\" width=\"193\" height=\"60\" srcset=\"https:\/\/buffet-multisite.buffet-preprod-02.modulodigital.com\/groupe\/wp-content\/uploads\/sites\/3\/2016\/05\/logobnp.jpg 248w, https:\/\/buffet-multisite.buffet-preprod-02.modulodigital.com\/groupe\/wp-content\/uploads\/sites\/3\/2016\/05\/logobnp-210x65.jpg 210w, https:\/\/buffet-multisite.buffet-preprod-02.modulodigital.com\/groupe\/wp-content\/uploads\/sites\/3\/2016\/05\/logobnp-245x76.jpg 245w\" sizes=\"auto, (max-width: 193px) 100vw, 193px\" \/><br \/>\n<img loading=\"lazy\" decoding=\"async\" class=\"wp-image-245 aligncenter\" src=\"https:\/\/buffet-multisite.buffet-preprod-02.modulodigital.com\/groupe\/wp-content\/uploads\/sites\/3\/2016\/05\/cogepa_15x492-300x99-1.jpg\" alt=\"COGEPA_15x4,92\" width=\"185\" height=\"61\" srcset=\"https:\/\/buffet-multisite.buffet-preprod-02.modulodigital.com\/groupe\/wp-content\/uploads\/sites\/3\/2016\/05\/cogepa_15x492-300x99-1.jpg 300w, https:\/\/buffet-multisite.buffet-preprod-02.modulodigital.com\/groupe\/wp-content\/uploads\/sites\/3\/2016\/05\/cogepa_15x492-768x252-1.jpg 768w, https:\/\/buffet-multisite.buffet-preprod-02.modulodigital.com\/groupe\/wp-content\/uploads\/sites\/3\/2016\/05\/cogepa_15x492-1024x336-1.jpg 1024w, https:\/\/buffet-multisite.buffet-preprod-02.modulodigital.com\/groupe\/wp-content\/uploads\/sites\/3\/2016\/05\/cogepa_15x492-1592x523-1.jpg 1592w, https:\/\/buffet-multisite.buffet-preprod-02.modulodigital.com\/groupe\/wp-content\/uploads\/sites\/3\/2016\/05\/cogepa_15x492-930x305-1.jpg 930w, https:\/\/buffet-multisite.buffet-preprod-02.modulodigital.com\/groupe\/wp-content\/uploads\/sites\/3\/2016\/05\/cogepa_15x492-633x208-1.jpg 633w, https:\/\/buffet-multisite.buffet-preprod-02.modulodigital.com\/groupe\/wp-content\/uploads\/sites\/3\/2016\/05\/cogepa_15x492-210x69-1.jpg 210w, https:\/\/buffet-multisite.buffet-preprod-02.modulodigital.com\/groupe\/wp-content\/uploads\/sites\/3\/2016\/05\/cogepa_15x492-245x80-1.jpg 245w, https:\/\/buffet-multisite.buffet-preprod-02.modulodigital.com\/groupe\/wp-content\/uploads\/sites\/3\/2016\/05\/cogepa_15x492.png 1772w\" sizes=\"auto, (max-width: 185px) 100vw, 185px\" \/><br \/>\n<img loading=\"lazy\" decoding=\"async\" width=\"218\" height=\"49\" class=\"size-full wp-image-329 aligncenter\" src=\"https:\/\/buffet-multisite.buffet-preprod-02.modulodigital.com\/groupe\/wp-content\/uploads\/sites\/3\/2017\/06\/logo_grunwaldequity.png\" alt=\"\" srcset=\"https:\/\/buffet-multisite.buffet-preprod-02.modulodigital.com\/groupe\/wp-content\/uploads\/sites\/3\/2017\/06\/logo_grunwaldequity.png 218w, https:\/\/buffet-multisite.buffet-preprod-02.modulodigital.com\/groupe\/wp-content\/uploads\/sites\/3\/2017\/06\/logo_grunwaldequity-210x47.png 210w\" sizes=\"auto, (max-width: 218px) 100vw, 218px\" \/><br \/>\n<center><\/p>\n","protected":false},"excerpt":{"rendered":"<p>Brands Buffet Crampon,\u00a0Besson,\u00a0B&amp;S,\u00a0Antoine Courtois,\u00a0Hans Hoyer,\u00a0J. Keilwerth,\u00a0Melton Meinl Weston, Powell,\u00a0Scherzer,\u00a0W. Schreiber &nbsp; Puissant r\u00e9seau mondial de distribution mondiale avec 4 filiales aux Etats-Unis, Japon, Chine et Allemagne et relation directe avec plusieurs centaines de magasins de musique en Europe, Asie-Oc\u00e9anie et Am\u00e9rique du Sud \u00e0 partir du si\u00e8ge social \u00e0 Mantes La Ville. 6% FRANCE \u00a094% [&hellip;]<\/p>\n","protected":false},"author":2,"featured_media":0,"parent":0,"menu_order":0,"comment_status":"closed","ping_status":"closed","template":"","meta":{"_acf_changed":false,"_relevanssi_hide_post":"","_relevanssi_pin_for_all":"","_relevanssi_pin_keywords":"","_relevanssi_unpin_keywords":"","_relevanssi_related_keywords":"","_relevanssi_related_include_ids":"","_relevanssi_related_exclude_ids":"","_relevanssi_related_no_append":"","_relevanssi_related_not_related":"","_relevanssi_related_posts":"","_relevanssi_noindex_reason":"","footnotes":""},"class_list":["post-59","page","type-page","status-publish","hentry"],"acf":[],"_links":{"self":[{"href":"https:\/\/buffet-multisite.buffet-preprod-02.modulodigital.com\/groupe\/fr\/wp-json\/wp\/v2\/pages\/59","targetHints":{"allow":["GET"]}}],"collection":[{"href":"https:\/\/buffet-multisite.buffet-preprod-02.modulodigital.com\/groupe\/fr\/wp-json\/wp\/v2\/pages"}],"about":[{"href":"https:\/\/buffet-multisite.buffet-preprod-02.modulodigital.com\/groupe\/fr\/wp-json\/wp\/v2\/types\/page"}],"author":[{"embeddable":true,"href":"https:\/\/buffet-multisite.buffet-preprod-02.modulodigital.com\/groupe\/fr\/wp-json\/wp\/v2\/users\/2"}],"replies":[{"embeddable":true,"href":"https:\/\/buffet-multisite.buffet-preprod-02.modulodigital.com\/groupe\/fr\/wp-json\/wp\/v2\/comments?post=59"}],"version-history":[{"count":48,"href":"https:\/\/buffet-multisite.buffet-preprod-02.modulodigital.com\/groupe\/fr\/wp-json\/wp\/v2\/pages\/59\/revisions"}],"predecessor-version":[{"id":345,"href":"https:\/\/buffet-multisite.buffet-preprod-02.modulodigital.com\/groupe\/fr\/wp-json\/wp\/v2\/pages\/59\/revisions\/345"}],"wp:attachment":[{"href":"https:\/\/buffet-multisite.buffet-preprod-02.modulodigital.com\/groupe\/fr\/wp-json\/wp\/v2\/media?parent=59"}],"curies":[{"name":"wp","href":"https:\/\/api.w.org\/{rel}","templated":true}]}}