{"id":55,"date":"2016-05-25T14:25:57","date_gmt":"2016-05-25T13:25:57","guid":{"rendered":"https:\/\/buffet-multisite.buffet-preprod-02.modulodigital.com\/groupe\/fr\/?page_id=55"},"modified":"2016-05-27T11:28:17","modified_gmt":"2016-05-27T10:28:17","slug":"edito-du-president","status":"publish","type":"page","link":"https:\/\/buffet-multisite.buffet-preprod-02.modulodigital.com\/groupe\/fr\/edito-du-president\/","title":{"rendered":"\u00c9dito du Pr\u00e9sident"},"content":{"rendered":"<p><a href=\"https:\/\/buffet-multisite.buffet-preprod-02.modulodigital.com\/groupe\/wp-content\/uploads\/sites\/3\/2016\/05\/jp.jpg\"><img loading=\"lazy\" decoding=\"async\" class=\"size-full wp-image-78 alignleft\" src=\"https:\/\/buffet-multisite.buffet-preprod-02.modulodigital.com\/groupe\/wp-content\/uploads\/sites\/3\/2016\/05\/jp.jpg\" alt=\"jp\" width=\"304\" height=\"266\" srcset=\"https:\/\/buffet-multisite.buffet-preprod-02.modulodigital.com\/groupe\/wp-content\/uploads\/sites\/3\/2016\/05\/jp.jpg 304w, https:\/\/buffet-multisite.buffet-preprod-02.modulodigital.com\/groupe\/wp-content\/uploads\/sites\/3\/2016\/05\/jp-300x263.jpg 300w, https:\/\/buffet-multisite.buffet-preprod-02.modulodigital.com\/groupe\/wp-content\/uploads\/sites\/3\/2016\/05\/jp-210x184.jpg 210w, https:\/\/buffet-multisite.buffet-preprod-02.modulodigital.com\/groupe\/wp-content\/uploads\/sites\/3\/2016\/05\/jp-245x214.jpg 245w\" sizes=\"auto, (max-width: 304px) 100vw, 304px\" \/><\/a><em>Mettre le savoir-faire de nos compagnons luthiers au service des musiciens du Monde entier, et respecter la tradition tout en travaillant en permanence \u00e0 la Recherche &amp; au D\u00e9veloppement, tels sont nos engagements.<\/em><\/p>\n<p><em>Buffet Crampon, fort de ses 10 marques embl\u00e9matiques, r\u00e9pondant toutes d<\/em><em>\u2019un savoir-faire presque centenaire, est aujourd\u2019hui le leader mondial de la manufacture d\u2019instruments \u00e0 vent sur les gammes professionnelles.<\/em><\/p>\n<p><em>Buffet Crampon, ce sont des valeurs fortes d\u2019excellence, de tradition, de partage de connaissance que nous appliquons \u00e0 nos collaborateurs, \u00e0 la fabrication de nos instruments, et \u00e0 nos relations avec les musiciens.<\/em><\/p>\n<p><em>Notre positionnement majeur dans les 180 plus grands orchestres du monde et dans les programmes de Musique \u00e0 l\u2019\u00e9cole exige de nos ateliers la m\u00eame rigueur dans la fabrication de nos gammes d\u2019instruments d\u2019\u00e9tude que dans nos gammes professionnelles.<\/em><\/p>\n<p><em>Buffet Crampon en quelques chiffres, ce sont plus de 800 collaborateurs issus de 12 nationalit\u00e9s, 5 usines, 4 showrooms et 94% de notre production qui est export\u00e9e.<\/em><\/p>\n<p><em>Tout cela est mis en musique par notre \u00ab\u00a0<a href=\"https:\/\/soundcloud.com\/buffet-group\/rhapsody-for-talents\">Rhapsody for talents<\/a>\u00ab\u00a0, \u00e9crite \u00e0 la demande de Buffet Crampon par Giancarlo Castro d\u2019Adonna, un hymne pour tous les talents qui font notre renomm\u00e9e \u00e0 travers le monde.<\/em><\/p>\n<p><em>Forts de nos 190 ans, f\u00eat\u00e9s avec nos amis musiciens du monde entier, nous continuons plus que jamais \u00e0 faire\u00a0r\u00e9sonner l\u2019excellence du son de nos marques \u00e0 travers le monde\u2026<\/em><\/p>\n<p>&nbsp;<\/p>\n<p>J\u00e9r\u00f4me PERROD<br \/>\nPr\u00e9sident<\/p>\n","protected":false},"excerpt":{"rendered":"<p>Mettre le savoir-faire de nos compagnons luthiers au service des musiciens du Monde entier, et respecter la tradition tout en travaillant en permanence \u00e0 la Recherche &amp; au D\u00e9veloppement, tels sont nos engagements. Buffet Crampon, fort de ses 10 marques embl\u00e9matiques, r\u00e9pondant toutes d\u2019un savoir-faire presque centenaire, est aujourd\u2019hui le leader mondial de la manufacture [&hellip;]<\/p>\n","protected":false},"author":2,"featured_media":0,"parent":0,"menu_order":0,"comment_status":"closed","ping_status":"closed","template":"","meta":{"_acf_changed":false,"_relevanssi_hide_post":"","_relevanssi_pin_for_all":"","_relevanssi_pin_keywords":"","_relevanssi_unpin_keywords":"","_relevanssi_related_keywords":"","_relevanssi_related_include_ids":"","_relevanssi_related_exclude_ids":"","_relevanssi_related_no_append":"","_relevanssi_related_not_related":"","_relevanssi_related_posts":"","_relevanssi_noindex_reason":"","footnotes":""},"class_list":["post-55","page","type-page","status-publish","hentry"],"acf":[],"_links":{"self":[{"href":"https:\/\/buffet-multisite.buffet-preprod-02.modulodigital.com\/groupe\/fr\/wp-json\/wp\/v2\/pages\/55","targetHints":{"allow":["GET"]}}],"collection":[{"href":"https:\/\/buffet-multisite.buffet-preprod-02.modulodigital.com\/groupe\/fr\/wp-json\/wp\/v2\/pages"}],"about":[{"href":"https:\/\/buffet-multisite.buffet-preprod-02.modulodigital.com\/groupe\/fr\/wp-json\/wp\/v2\/types\/page"}],"author":[{"embeddable":true,"href":"https:\/\/buffet-multisite.buffet-preprod-02.modulodigital.com\/groupe\/fr\/wp-json\/wp\/v2\/users\/2"}],"replies":[{"embeddable":true,"href":"https:\/\/buffet-multisite.buffet-preprod-02.modulodigital.com\/groupe\/fr\/wp-json\/wp\/v2\/comments?post=55"}],"version-history":[{"count":9,"href":"https:\/\/buffet-multisite.buffet-preprod-02.modulodigital.com\/groupe\/fr\/wp-json\/wp\/v2\/pages\/55\/revisions"}],"predecessor-version":[{"id":179,"href":"https:\/\/buffet-multisite.buffet-preprod-02.modulodigital.com\/groupe\/fr\/wp-json\/wp\/v2\/pages\/55\/revisions\/179"}],"wp:attachment":[{"href":"https:\/\/buffet-multisite.buffet-preprod-02.modulodigital.com\/groupe\/fr\/wp-json\/wp\/v2\/media?parent=55"}],"curies":[{"name":"wp","href":"https:\/\/api.w.org\/{rel}","templated":true}]}}