{"id":170,"date":"2016-05-26T16:34:04","date_gmt":"2016-05-26T15:34:04","guid":{"rendered":"https:\/\/buffet-multisite.buffet-preprod-02.modulodigital.com\/groupe\/fr\/?page_id=170"},"modified":"2018-09-17T13:01:00","modified_gmt":"2018-09-17T12:01:00","slug":"ou-nous-trouver","status":"publish","type":"page","link":"https:\/\/buffet-multisite.buffet-preprod-02.modulodigital.com\/groupe\/fr\/ou-nous-trouver\/","title":{"rendered":"O\u00d9 NOUS&nbsp;TROUVER"},"content":{"rendered":"<h2>SI\u00c8GE SOCIAL<\/h2>\n<p>Buffet Crampon<br \/>\n5 rue Maurice Berteaux<br \/>\n78711 MANTES-LA-VILLE &#8211; France<br \/>\nT\u00e9l\u00e9phone : +33 (0)1 30 98 51 30<br \/>\ncontact@buffetcrampon.com<\/p>\n<h2>BUREAUX\u00a0&amp; Showrooms<\/h2>\n<h3>BUFFET CRAMPON FRANCE<\/h3>\n<p><span style=\"text-decoration: underline;\">SHOWROOMS :<\/span><br \/>\n203 bis boulevard Saint Germain<br \/>\n75007 Paris &#8211; France<br \/>\nT\u00e9l\u00e9phone : +33 (0)1 45 48 56 13<br \/>\nshowroom.paris@buffetcrampon.com<\/p>\n<h3>BUFFET CRAMPON CHINE<\/h3>\n<p><span style=\"text-decoration: underline;\">BUREAU :<\/span><br \/>\nXuxinzhuang Industry Park,<br \/>\nTongzhou District,<br \/>\nBeijing, China<br \/>\nT\u00e9l\u00e9phone : +86 10 8357 6226<br \/>\nFax : +86 10 8357 6226<br \/>\ncorporate-china@buffetcrampon.com<br \/>\ncustomerservice.china@buffetcrampon.com<\/p>\n<p><span style=\"text-decoration: underline;\">SHOWROOMS :<\/span><br \/>\nShowroom Buffet Crampon\u00a0China &#8211; Boerde Music Center<br \/>\nRoom 1005, Tower D<br \/>\n27 Nan San Huan Dong Lu FangZhuang, Fengtai Qu, Beijing Shi<br \/>\nBeijing, China<\/p>\n<p>Showroom Buffet Crampon\u00a0China &#8212; Xusheng Musical Instruments<br \/>\nBuilding 8, Unit 2, Room 102<br \/>\n100 Zi Zhu Yuan Lu, Haidian Qu, Beijing Shi<br \/>\nBeijing, China<\/p>\n<h3>BUFFET CRAMPON ALLEMAGNE<\/h3>\n<p><span style=\"text-decoration: underline;\">BUREAU :<\/span><br \/>\nGewerbepark 52-54<br \/>\n08258 Markneukirchen &#8211; Allemagne<br \/>\nMobile : +49 (0) 37422 \/ 4079 \u2013 0<br \/>\nFax : +49 (0)37422 4079-599<br \/>\ndeutschland@buffetcrampon.com<\/p>\n<p><span style=\"text-decoration: underline;\">SHOWROOM :<\/span><br \/>\nSeniweg 4<br \/>\n82538 GERETSRIED &#8211; Allemagne<br \/>\nT\u00e9l\u00e9phone :\u00a0+49 (0)8171 9218728<br \/>\nshowroom.munich@buffetcrampon.com<\/p>\n<h3>BUFFET CRAMPON JAPON <\/h3>\n<p><span style=\"text-decoration: underline;\">BUREAU &amp; SHOWROOM :<\/span><br \/>\n8-17, Tokyo-4-koto-ku<br \/>\n135-0016 TOKYO &#8211; Japon<br \/>\nT\u00e9l\u00e9phone :\u00a0+81 3 5632 5511<br \/>\nshowroom.tokyo@buffetcrampon.com<\/p>\n<h3>BUFFET CRAMPON AMERIQUE DU NORD<\/h3>\n<p><span style=\"text-decoration: underline;\">BUREAU :<\/span><br \/>\n7255 Salisbury Road, Suite 4<br \/>\nJacksonville \u2013 FL 32256 -USA<br \/>\nT\u00e9l\u00e9phone :\u00a0+1 904 821 0234<br \/>\ncorporate-usa@buffetcrampon.com<\/p>\n<p><span style=\"text-decoration: underline;\">SHOWROOM :<\/span><br \/>\n153 west 36th street, 4th floor<br \/>\n10018 NEW YORK, NY &#8211; United States<br \/>\nT\u00e9l\u00e9phone:\u00a0+1 212-221-3693<br \/>\nshowroom.newyork@buffetcrampon.com<\/p>\n<h2>ATELIERS DE FABRICATION<\/h2>\n<ul>\n<li>\nFabrication des clarinettes, hautbois, bassons et saxophones professionnels Buffet Crampon :<br \/>\n5 rue Maurice Berteaux<br \/>\n78711 Mantes la Ville &#8211; France\n<\/li>\n<li>\nFabrication des clarinettes et hautbois d\u2019\u00e9tude Buffet Crampon, et des instruments Julius Keilwerth, W. Schreiber, Besson, J. Scherzer, B&#038;S, Hans Hoyer et Antoine Courtois :<br \/>\nGewerbepark 52-54<br \/>\n08258 Markneukirchen &#8211;\u00a0Allemagne\n<\/li>\n<li>\nFabrication de la marque Melton Meinl Weston et des cors triple Hans Hoyer :<br \/>\nSeriweg 4<br \/>\nD-82538 Geretsried \u2013 Allemagne\n<\/li>\n<\/ul>\n<h2>VOS CONTACTS<\/h2>\n<div class='cols w3col'>\n<div class='col'>\n<div class='col-wrap'>\n<h3>AFRIQUE AND MOYEN-ORIENT<\/h3>\n<p>Olivier Auclair<br \/>\nolivier.auclair@buffetcrampon.com<br \/>\nMobile :\u00a0+33 (0)6 74942809<\/p>\n<\/div>\n<\/div>\n<div class='col'>\n<div class='col-wrap'>\n<h3>AM\u00c9RIQUE DU SUD<\/h3>\n<p><span style=\"text-decoration: underline;\">MEXIQUE<\/span><br \/>\nPatricia Rodriguez<br \/>\npatricia.rodriguez@buffetcrampon.com<br \/>\nMobile: +1 904 635 8247<\/p>\n<p><span style=\"text-decoration: underline;\">BR\u00c9SIL<\/span><br \/>\nRodrigo Da Rocha<br \/>\nrodrigo.da-rocha@buffetcrampon.com<br \/>\nMobile : +55 11 983 43 09 38<\/p>\n<p><span style=\"text-decoration: underline;\">AMERIQUE CENTRALE (except\u00e9 MEXIQUE)\/COLOMBIE\/COSTA RICA\/ VENEZUELA\/EQUATEUR\/PEROU\/CARA\u00cfBES<\/span><br \/>\nCamilo Jimenez Vera<br \/>\ncamilo.jimenez@buffetcrampon.com<br \/>\nMobile : +57 316 229 18 63<\/p>\n<p><span style=\"text-decoration: underline;\">ARGENTINE\/BOLIVIE\/CHILI\/PARAGUAY\/URUGUAY<\/span><br \/>\nWilmer Ramirez<br \/>\nwilmer.ramirez@buffetcrampon.com<br \/>\nMobile : +56 9441 611 49<\/p>\n<\/div>\n<\/div>\n<div class='col'>\n<div class='col-wrap'>\n<h3>ASIE (HORS JAPON &#038; CHINE)<\/h3>\n<p>Olivier Auclair<br \/>\nolivier.auclair@buffetcrampon.com<br \/>\nMobile :\u00a0+33 (0)6 74942809<\/p>\n<\/div>\n<\/div>\n<\/div>\n<div class='cols w3col'>\n<div class='col'>\n<div class='col-wrap'>\n<h3>AUSTRALIE &amp;\u00a0NOUVELLE Z\u00c9LANDE<\/h3>\n<p>Stephen Moschner<br \/>\nstephen.moschner@buffetcrampon.com<br \/>\nMobile :+ 61 (0) 413 889 488<\/p>\n<\/div>\n<\/div>\n<div class='col'>\n<div class='col-wrap'>\n<h3>BENELUX <\/h3>\n<p>Jan Jansen<br \/>\njan.jansen@buffetcrampon.com<br \/>\nMobile : +31 (0)651 379612<\/p>\n<\/div>\n<\/div>\n<div class='col'>\n<div class='col-wrap'>\n<h3>CANADA<\/h3>\n<p><span style=\"text-decoration: underline;\">CENTRAL &#038; EAST CANADA TERRITORY (ON, QC, NB, MB, SK)<\/span><br \/>\nJack Dring<br \/>\njack.dring@buffetcrampon.com<br \/>\nMobile : +1 416 529 6072<\/p>\n<p><span style=\"text-decoration: underline;\">WEST CANADA (BC, AB)<\/span><br \/>\nJordan Olinsky<br \/>\njordan.olinsky@buffetcrampon.com<br \/>\nMobile : +1 306 460 3625<\/p>\n<\/div>\n<\/div>\n<\/div>\n<div class='cols w3col'>\n<div class='col'>\n<div class='col-wrap'>\n<h3>ALLEMAGNE &amp; AUTRICHE<\/h3>\n<p><span style=\"text-decoration: underline;\">Allemagne de l&rsquo;est et en partie le sud et le nord (code postal 0, 1, 80 \u2013 85, 9)<\/span><br \/>\n<span style=\"text-decoration: underline;\">Autriche (except\u00e9 le code postal 6)<\/span><br \/>\nPatrick La Venia<br \/>\npatrick.lavenia@buffetcrampon.com<\/p>\n<p><span style=\"text-decoration: underline;\">Allemagne du sud (code postal 7, 86 \u2013 89)<\/span><br \/>\n<span style=\"text-decoration: underline;\">Autriche (code postal 6 uniquement)<\/span><br \/>\nRoland H\u00fcbl<br \/>\nroland.huebl@buffetcrampon.com<\/p>\n<p><span style=\"text-decoration: underline;\">Allemande du nord et de l&rsquo;ouest (code postal 2-6)<\/span><br \/>\nMichael Molter<br \/>\nmichael.molter@buffetcrampon.com<\/p>\n<\/div>\n<\/div>\n<div class='col'>\n<div class='col-wrap'>\n<h3>ESPAGNE &amp;\u00a0PORTUGAL<\/h3>\n<p>Jose Tomas<br \/>\njose.tomas@buffetcrampon.com<br \/>\nMobile : +34 678 069 925<\/p>\n<\/div>\n<\/div>\n<div class='col'>\n<div class='col-wrap'>\n<h3>EUROPE DE L\u2019EST<\/h3>\n<p>Ji\u0159\u00ed Ciller<br \/>\nArmenia, Azerbaijan, Belarus, Czech Republic, Estonia, Georgia, Kirgizstan, Latvia, Lithuania, Mongolia, Poland, \u00a0Russia, Slovakia, Tadzhikistan, Turkmenistan, Ukraine, Uzbekistan<br \/>\njiri.ciller@buffetcrampon.com<br \/>\nMobile: +420 777 294 739<\/p>\n<p>Volkmar K\u00fchnle<br \/>\nSenior Director Sales &#038; Martketing<br \/>\nGermany &#8211; Austria &#8211; Eastern Europe<\/p>\n<p>Buffet Crampon Deutschland GmbH<br \/>\nSeniweg 4; 82538 Geretsried<br \/>\nMobile: +491 75 5871 499<\/p>\n<\/div>\n<\/div>\n<\/div>\n<div class='cols w3col'>\n<div class='col'>\n<div class='col-wrap'>\n<h3>FRANCE<\/h3>\n<p>Vincent Nackaert<br \/>\nvincent.nackaert@buffetcrampon.com<br \/>\nMobile : +33 (0)6 84 51 52 77<\/p>\n<p>Jean-Jacques Odienne<br \/>\njean-jacques.odienne@buffetcrampon.com<br \/>\nMobile : +33 (0)6 86 64 45 67<\/p>\n<p>Nikola\u00ef Sikorski<br \/>\nnikolai.sikorski@buffetcrampon.com<br \/>\nMobile : + 33 (0)6 89 63 06 89<\/p>\n<\/div>\n<\/div>\n<div class='col'>\n<div class='col-wrap'>\n<h3>ITALIE, GR\u00c8CE, CHYPRE, MALTE<\/h3>\n<p>Giussepe Scattarregia<br \/>\ngiussepe.scattarregia@buffetcrampon.com<br \/>\nMobile : +39 3 3524 4606<\/p>\n<\/div>\n<\/div>\n<div class='col'>\n<div class='col-wrap'>\n<h3>\u00c9tats-Unis<\/h3>\n<p><span style=\"text-decoration: underline;\">NEW YORK SHOWROOM PROFESSIONAL DOUBLE REEDS<\/span><br \/>\nLaurie Orr<br \/>\nlaurie.orr@buffetcrampon.com<br \/>\nMobile: +1 917 589 2951<\/p>\n<p><span style=\"text-decoration: underline;\">SOUTH CENTRAL TERRITORY (AR, LA, MO, MS, TN)<\/span><br \/>\nJohn Hylkema<br \/>\njohn.hylkema@buffetcrampon.com<br \/>\nMobile: +1 615 485 9049<\/p>\n<p><span style=\"text-decoration: underline;\">ROCKY MOUNTAIN TERRITORY (AZ, CO, NM, UT, WY)<\/span><br \/>\nChristopher Harmon<br \/>\nchristopher.harmon@buffetcrampon.com<br \/>\nMobile: +1 303 250 5721<\/p>\n<p><span style=\"text-decoration: underline;\"> CENTRAL PLAINS TERRITORY (IA, KS, MN, NE, ND, SD)<\/span><br \/>\nDeclan Lynch<br \/>\ndeclan.lynch@buffetcrampon.com<br \/>\nMobile: +1 612 417 6364<\/p>\n<\/div>\n<\/div>\n<\/div>\n<div class='cols w3col'>\n<div class='col'>\n<div class='col-wrap'>\n<h3>\u00c9tats-Unis<\/h3>\n<p><span style=\"text-decoration: underline;\">MIDWEST TERRITORY (IL, IN, KY, MI, OH, WI)<\/span><br \/>\nSteve Rorie<br \/>\nsteve.rorie@buffetcrampon.com<br \/>\nMobile: +1 574 596 1833<\/p>\n<p><span style=\"text-decoration: underline;\">PACIFIC NORTH TERRITORY (AK, ID, MT, OR, WA)<\/span><br \/>\nJordan Olinsky<br \/>\njordan.olinsky@buffetcrampon.com<br \/>\nMobile: +1 206 460 3625<\/p>\n<p><span style=\"text-decoration: underline;\"> PACIFIC SOUTH TERRITORY (CA, NV, HI)<\/span><br \/>\nMichael Wallace<br \/>\nmichael.wallace@buffetcrampon.com<br \/>\nMobile: +1 805 212 0493<\/p>\n<p><span style=\"text-decoration: underline;\">SOUTHEAST TERRITORY (AL, FL, GA, NC, SC)<\/span><br \/>\nDonnie Todd<br \/>\ndonnie.todd@buffetcrampon.com<br \/>\nMobile: +1 904 485 0349<\/p>\n<\/div>\n<\/div>\n<div class='col'>\n<div class='col-wrap'>\n<h3>\u00c9tats-Unis<\/h3>\n<p><span style=\"text-decoration: underline;\">SOUTHWEST TERRITORY (TX, OK)<\/span><br \/>\nDon Reynolds<br \/>\ndon.reynolds@buffetcrampon.com<br \/>\nMobile: +1 512 573 8340<\/p>\n<p><span style=\"text-decoration: underline;\">MID-ATLANTIC TERRITORY (DC, DE, MD, PA, VA, WV)<\/span><br \/>\nKurt Wittstadt<br \/>\nKurt.wittstadt@buffetcrampon.com<br \/>\nMobile: +1 443 564 0225<\/p>\n<p><span style=\"text-decoration: underline;\">NORTHEAST TERRITORY (CT, MA, ME, NH, NJ, NY, RI, VT)<\/span><br \/>\nChris Coppinger<br \/>\nchris.coppinger@buffetcrampon.com<br \/>\nMobile: +1 516 815 5222<\/p>\n<\/div>\n<\/div>\n<div class='col'>\n<div class='col-wrap'>\n<h3>\u00c9tats-Unis<\/h3>\n<p><span style=\"text-decoration: underline;\">PRODUCT QUESTIONS<\/span><br \/>\nWoodwind<br \/>\nwoodwindUSA@buffetcrampon.com<\/p>\n<p>Brass<br \/>\nhigh-brassUSA@buffetcrampon.com<br \/>\nlow-brassUSA@buffetcrampon.com<\/p>\n<\/div>\n<\/div>\n<\/div>\n<div class='cols w3col'>\n<div class='col'>\n<div class='col-wrap'>\n<h3>Royaume-Uni<\/h3>\n<p>Tim Barrett<br \/>\ntim.barrett@buffetcrampon.com<br \/>\nMobile: +44 (0)7786 073683<\/p>\n<p>Lyndon Chapman<br \/>\nlyndon.chapman@buffetcrampon.com<br \/>\nMobile: +44 (0)7899 918074<\/p>\n<\/div>\n<\/div>\n<div class='col'>\n<div class='col-wrap'>\n<h3>Scandinavie<\/h3>\n<p>Tarjei Hummelsund<br \/>\ntarjei.hummelsund@buffetcrampon.com<br \/>\nMobile: +47 480\u00a035\u00a0252<\/p>\n<\/div>\n<\/div>\n<div class='col'>\n<div class='col-wrap'>\n<h3>Suisse<\/h3>\n<p>Valentin Oberson<br \/>\nvalentin.oberson@buffetcrampon.com<br \/>\nMobile: +33 6 81 15 34 73<\/p>\n<\/div>\n<\/div>\n<\/div>\n","protected":false},"excerpt":{"rendered":"<p>SI\u00c8GE SOCIAL Buffet Crampon 5 rue Maurice Berteaux 78711 MANTES-LA-VILLE &#8211; France T\u00e9l\u00e9phone : +33 (0)1 30 98 51 30 contact@buffetcrampon.com BUREAUX\u00a0&amp; Showrooms BUFFET CRAMPON FRANCE SHOWROOMS : 203 bis boulevard Saint Germain 75007 Paris &#8211; France T\u00e9l\u00e9phone : +33 (0)1 45 48 56 13 showroom.paris@buffetcrampon.com BUFFET CRAMPON CHINE BUREAU : Xuxinzhuang Industry Park, Tongzhou [&hellip;]<\/p>\n","protected":false},"author":2,"featured_media":0,"parent":0,"menu_order":0,"comment_status":"closed","ping_status":"closed","template":"page-holding.php","meta":{"_acf_changed":false,"_relevanssi_hide_post":"","_relevanssi_pin_for_all":"","_relevanssi_pin_keywords":"","_relevanssi_unpin_keywords":"","_relevanssi_related_keywords":"","_relevanssi_related_include_ids":"","_relevanssi_related_exclude_ids":"","_relevanssi_related_no_append":"","_relevanssi_related_not_related":"","_relevanssi_related_posts":"","_relevanssi_noindex_reason":"","footnotes":""},"class_list":["post-170","page","type-page","status-publish","hentry"],"acf":[],"_links":{"self":[{"href":"https:\/\/buffet-multisite.buffet-preprod-02.modulodigital.com\/groupe\/fr\/wp-json\/wp\/v2\/pages\/170","targetHints":{"allow":["GET"]}}],"collection":[{"href":"https:\/\/buffet-multisite.buffet-preprod-02.modulodigital.com\/groupe\/fr\/wp-json\/wp\/v2\/pages"}],"about":[{"href":"https:\/\/buffet-multisite.buffet-preprod-02.modulodigital.com\/groupe\/fr\/wp-json\/wp\/v2\/types\/page"}],"author":[{"embeddable":true,"href":"https:\/\/buffet-multisite.buffet-preprod-02.modulodigital.com\/groupe\/fr\/wp-json\/wp\/v2\/users\/2"}],"replies":[{"embeddable":true,"href":"https:\/\/buffet-multisite.buffet-preprod-02.modulodigital.com\/groupe\/fr\/wp-json\/wp\/v2\/comments?post=170"}],"version-history":[{"count":16,"href":"https:\/\/buffet-multisite.buffet-preprod-02.modulodigital.com\/groupe\/fr\/wp-json\/wp\/v2\/pages\/170\/revisions"}],"predecessor-version":[{"id":448,"href":"https:\/\/buffet-multisite.buffet-preprod-02.modulodigital.com\/groupe\/fr\/wp-json\/wp\/v2\/pages\/170\/revisions\/448"}],"wp:attachment":[{"href":"https:\/\/buffet-multisite.buffet-preprod-02.modulodigital.com\/groupe\/fr\/wp-json\/wp\/v2\/media?parent=170"}],"curies":[{"name":"wp","href":"https:\/\/api.w.org\/{rel}","templated":true}]}}