{"id":156,"date":"2016-05-26T15:53:32","date_gmt":"2016-05-26T14:53:32","guid":{"rendered":"https:\/\/buffet-multisite.buffet-preprod-02.modulodigital.com\/groupe\/en\/?page_id=156"},"modified":"2016-05-26T15:53:32","modified_gmt":"2016-05-26T14:53:32","slug":"our-history","status":"publish","type":"page","link":"https:\/\/buffet-multisite.buffet-preprod-02.modulodigital.com\/groupe\/en\/our-history\/","title":{"rendered":"Our History"},"content":{"rendered":"<br \/>\n<section id=\"cd-timeline\" class=\"cd-container timeline-express\">\n<div class=\"cd-timeline-block may 26 1803 announcement-80\">\n<div class=\"cd-timeline-img cd-picture icon-no-readmore\" style=\"background:#78b8ae;\">\n<p>\t\t\t<!-- Custom Action Hook --><\/p>\n<p>\t\t\t\t<!-- Standard Font Awesome Icon --><br \/>\n\t\t\t\t<span class=\"fa fa-caret-down\" title=\"1803\"><\/span><\/p><\/div>\n<p> <!-- cd-timeline-img --><\/p>\n<p>\t<!-- Timeline Content --><\/p>\n<div class=\"cd-timeline-content\">\n<p>\t\t<!-- Announcement Title --><\/p>\n<div class=\"cd-timeline-title-container\">\n<h2 class=\"cd-timeline-item-title\">\n\t\t\t\t1803\t\t\t<\/h2>\n<\/p><\/div>\n<p>\t\t<!-- End Announcement Title --><\/p>\n<p>\t\t<img loading=\"lazy\" decoding=\"async\" width=\"289\" height=\"101\" src=\"https:\/\/buffet-multisite.buffet-preprod-02.modulodigital.com\/groupe\/wp-content\/uploads\/sites\/3\/2016\/05\/artboardcopy12-e1464687708772.png\" class=\"announcement-banner-image\" alt=\"1803\" \/><br \/>\n\t\t<!-- Announcement Excerpt --><\/p>\n<div class=\"the-excerpt\">\n<p>Antoine Courtois brand created in Paris.<\/p>\n<\/p><\/div>\n<p>\t\t<!-- End Announcement Excerpt --><\/p><\/div>\n<p>\t<!-- End Timeline Content --><\/p>\n<\/div>\n<p><!-- End Timeline Block --><\/p>\n<div class=\"cd-timeline-block may 26 1825 announcement-132\">\n<div class=\"cd-timeline-img cd-picture icon-no-readmore\" style=\"background:#78b8ae;\">\n<p>\t\t\t<!-- Custom Action Hook --><\/p>\n<p>\t\t\t\t<!-- Standard Font Awesome Icon --><br \/>\n\t\t\t\t<span class=\"fa fa-caret-down\" title=\"1825\"><\/span><\/p><\/div>\n<p> <!-- cd-timeline-img --><\/p>\n<p>\t<!-- Timeline Content --><\/p>\n<div class=\"cd-timeline-content\">\n<p>\t\t<!-- Announcement Title --><\/p>\n<div class=\"cd-timeline-title-container\">\n<h2 class=\"cd-timeline-item-title\">\n\t\t\t\t1825\t\t\t<\/h2>\n<\/p><\/div>\n<p>\t\t<!-- End Announcement Title --><\/p>\n<p>\t\t<img loading=\"lazy\" decoding=\"async\" width=\"232\" height=\"106\" src=\"https:\/\/buffet-multisite.buffet-preprod-02.modulodigital.com\/groupe\/wp-content\/uploads\/sites\/3\/2016\/05\/artboardcopy15-e1464687635173.png\" class=\"announcement-banner-image\" alt=\"1825\" \/><br \/>\n\t\t<!-- Announcement Excerpt --><\/p>\n<div class=\"the-excerpt\">\n<p>The French instrument maker Denis Buffet-Auger sets up his workshop in the heart of Paris. He rapidly becomes well-known in the musical community by producing excellent 13-key clarinets.<\/p>\n<\/p><\/div>\n<p>\t\t<!-- End Announcement Excerpt --><\/p><\/div>\n<p>\t<!-- End Timeline Content --><\/p>\n<\/div>\n<p><!-- End Timeline Block --><\/p>\n<div class=\"cd-timeline-block may 26 1836 announcement-no-image announcement-133\">\n<div class=\"cd-timeline-img cd-picture icon-no-readmore\" style=\"background:#69787e;\">\n<p>\t\t\t<!-- Custom Action Hook --><\/p>\n<p>\t\t\t\t<!-- Standard Font Awesome Icon --><br \/>\n\t\t\t\t<span class=\"fa fa-caret-down\" title=\"1836\"><\/span><\/p><\/div>\n<p> <!-- cd-timeline-img --><\/p>\n<p>\t<!-- Timeline Content --><\/p>\n<div class=\"cd-timeline-content\">\n<p>\t\t<!-- Announcement Title --><\/p>\n<div class=\"cd-timeline-title-container\">\n<h2 class=\"cd-timeline-item-title\">\n\t\t\t\t1836\t\t\t<\/h2>\n<\/p><\/div>\n<p>\t\t<!-- End Announcement Title --><\/p>\n<p>\t\t<!-- Announcement Excerpt --><\/p>\n<div class=\"the-excerpt\">\n<p>Jean-Louis Buffet, Denis\u00edson, marries Zoe Crampon in 1836 and creates the famous Buffet Crampon brand name.<\/p>\n<\/p><\/div>\n<p>\t\t<!-- End Announcement Excerpt --><\/p><\/div>\n<p>\t<!-- End Timeline Content --><\/p>\n<\/div>\n<p><!-- End Timeline Block --><\/p>\n<div class=\"cd-timeline-block may 26 1837 announcement-134\">\n<div class=\"cd-timeline-img cd-picture icon-no-readmore\" style=\"background:#78b8ae;\">\n<p>\t\t\t<!-- Custom Action Hook --><\/p>\n<p>\t\t\t\t<!-- Standard Font Awesome Icon --><br \/>\n\t\t\t\t<span class=\"fa fa-caret-down\" title=\"1837\"><\/span><\/p><\/div>\n<p> <!-- cd-timeline-img --><\/p>\n<p>\t<!-- Timeline Content --><\/p>\n<div class=\"cd-timeline-content\">\n<p>\t\t<!-- Announcement Title --><\/p>\n<div class=\"cd-timeline-title-container\">\n<h2 class=\"cd-timeline-item-title\">\n\t\t\t\t1837\t\t\t<\/h2>\n<\/p><\/div>\n<p>\t\t<!-- End Announcement Title --><\/p>\n<p>\t\t<img loading=\"lazy\" decoding=\"async\" width=\"255\" height=\"96\" src=\"https:\/\/buffet-multisite.buffet-preprod-02.modulodigital.com\/groupe\/wp-content\/uploads\/sites\/3\/2016\/05\/artboardcopy13-e1464687685355.png\" class=\"announcement-banner-image\" alt=\"1837\" \/><br \/>\n\t\t<!-- Announcement Excerpt --><\/p>\n<div class=\"the-excerpt\">\n<p>Gustave-Auguste Besson (1820-1874), an acoustic science genius, created the Besson brand.<\/p>\n<\/p><\/div>\n<p>\t\t<!-- End Announcement Excerpt --><\/p><\/div>\n<p>\t<!-- End Timeline Content --><\/p>\n<\/div>\n<p><!-- End Timeline Block --><\/p>\n<div class=\"cd-timeline-block may 26 1850 announcement-no-image announcement-135\">\n<div class=\"cd-timeline-img cd-picture icon-no-readmore\" style=\"background:#69787e;\">\n<p>\t\t\t<!-- Custom Action Hook --><\/p>\n<p>\t\t\t\t<!-- Standard Font Awesome Icon --><br \/>\n\t\t\t\t<span class=\"fa fa-caret-down\" title=\"1850\"><\/span><\/p><\/div>\n<p> <!-- cd-timeline-img --><\/p>\n<p>\t<!-- Timeline Content --><\/p>\n<div class=\"cd-timeline-content\">\n<p>\t\t<!-- Announcement Title --><\/p>\n<div class=\"cd-timeline-title-container\">\n<h2 class=\"cd-timeline-item-title\">\n\t\t\t\t1850\t\t\t<\/h2>\n<\/p><\/div>\n<p>\t\t<!-- End Announcement Title --><\/p>\n<p>\t\t<!-- Announcement Excerpt --><\/p>\n<div class=\"the-excerpt\">\n<p>This year saw the establishment of the Buffet Crampon workshops and factory in Mantes-la-Ville (Yvelines, France)<\/p>\n<\/p><\/div>\n<p>\t\t<!-- End Announcement Excerpt --><\/p><\/div>\n<p>\t<!-- End Timeline Content --><\/p>\n<\/div>\n<p><!-- End Timeline Block --><\/p>\n<div class=\"cd-timeline-block may 26 1925 announcement-137\">\n<div class=\"cd-timeline-img cd-picture icon-no-readmore\" style=\"background:#69787e;\">\n<p>\t\t\t<!-- Custom Action Hook --><\/p>\n<p>\t\t\t\t<!-- Standard Font Awesome Icon --><br \/>\n\t\t\t\t<span class=\"fa fa-caret-down\" title=\"1925\"><\/span><\/p><\/div>\n<p> <!-- cd-timeline-img --><\/p>\n<p>\t<!-- Timeline Content --><\/p>\n<div class=\"cd-timeline-content\">\n<p>\t\t<!-- Announcement Title --><\/p>\n<div class=\"cd-timeline-title-container\">\n<h2 class=\"cd-timeline-item-title\">\n\t\t\t\t1925\t\t\t<\/h2>\n<\/p><\/div>\n<p>\t\t<!-- End Announcement Title --><\/p>\n<p>\t\t<img loading=\"lazy\" decoding=\"async\" width=\"254\" height=\"94\" src=\"https:\/\/buffet-multisite.buffet-preprod-02.modulodigital.com\/groupe\/wp-content\/uploads\/sites\/3\/2016\/05\/artboardcopy14-1-e1464687789129.jpg\" class=\"announcement-banner-image\" alt=\"1925\" \/><br \/>\n\t\t<!-- Announcement Excerpt --><\/p>\n<div class=\"the-excerpt\">\n<p>Julius Keilwerth created is own saxophone&#8217;s brand.<\/p>\n<\/p><\/div>\n<p>\t\t<!-- End Announcement Excerpt --><\/p><\/div>\n<p>\t<!-- End Timeline Content --><\/p>\n<\/div>\n<p><!-- End Timeline Block --><\/p>\n<div class=\"cd-timeline-block may 26 1930 announcement-no-image announcement-138\">\n<div class=\"cd-timeline-img cd-picture icon-no-readmore\" style=\"background:#69787e;\">\n<p>\t\t\t<!-- Custom Action Hook --><\/p>\n<p>\t\t\t\t<!-- Standard Font Awesome Icon --><br \/>\n\t\t\t\t<span class=\"fa fa-caret-down\" title=\"1930\"><\/span><\/p><\/div>\n<p> <!-- cd-timeline-img --><\/p>\n<p>\t<!-- Timeline Content --><\/p>\n<div class=\"cd-timeline-content\">\n<p>\t\t<!-- Announcement Title --><\/p>\n<div class=\"cd-timeline-title-container\">\n<h2 class=\"cd-timeline-item-title\">\n\t\t\t\t1930\t\t\t<\/h2>\n<\/p><\/div>\n<p>\t\t<!-- End Announcement Title --><\/p>\n<p>\t\t<!-- Announcement Excerpt --><\/p>\n<div class=\"the-excerpt\">\n<p>The Keilwerth brand build its first factory in Graslitz (Germany).<\/p>\n<\/p><\/div>\n<p>\t\t<!-- End Announcement Excerpt --><\/p><\/div>\n<p>\t<!-- End Timeline Content --><\/p>\n<\/div>\n<p><!-- End Timeline Block --><\/p>\n<div class=\"cd-timeline-block may 26 1981 announcement-no-image announcement-141\">\n<div class=\"cd-timeline-img cd-picture icon-no-readmore\" style=\"background:#69787e;\">\n<p>\t\t\t<!-- Custom Action Hook --><\/p>\n<p>\t\t\t\t<!-- Standard Font Awesome Icon --><br \/>\n\t\t\t\t<span class=\"fa fa-caret-down\" title=\"1981\"><\/span><\/p><\/div>\n<p> <!-- cd-timeline-img --><\/p>\n<p>\t<!-- Timeline Content --><\/p>\n<div class=\"cd-timeline-content\">\n<p>\t\t<!-- Announcement Title --><\/p>\n<div class=\"cd-timeline-title-container\">\n<h2 class=\"cd-timeline-item-title\">\n\t\t\t\t1981\t\t\t<\/h2>\n<\/p><\/div>\n<p>\t\t<!-- End Announcement Title --><\/p>\n<p>\t\t<!-- Announcement Excerpt --><\/p>\n<div class=\"the-excerpt\">\n<p>Buffet Crampon joins Boosey and Hawkes.<\/p>\n<\/p><\/div>\n<p>\t\t<!-- End Announcement Excerpt --><\/p><\/div>\n<p>\t<!-- End Timeline Content --><\/p>\n<\/div>\n<p><!-- End Timeline Block --><\/p>\n<div class=\"cd-timeline-block may 26 2005 announcement-no-image announcement-142\">\n<div class=\"cd-timeline-img cd-picture icon-no-readmore\" style=\"background:#69787e;\">\n<p>\t\t\t<!-- Custom Action Hook --><\/p>\n<p>\t\t\t\t<!-- Standard Font Awesome Icon --><br \/>\n\t\t\t\t<span class=\"fa fa-caret-down\" title=\"2005\"><\/span><\/p><\/div>\n<p> <!-- cd-timeline-img --><\/p>\n<p>\t<!-- Timeline Content --><\/p>\n<div class=\"cd-timeline-content\">\n<p>\t\t<!-- Announcement Title --><\/p>\n<div class=\"cd-timeline-title-container\">\n<h2 class=\"cd-timeline-item-title\">\n\t\t\t\t2005\t\t\t<\/h2>\n<\/p><\/div>\n<p>\t\t<!-- End Announcement Title --><\/p>\n<p>\t\t<!-- Announcement Excerpt --><\/p>\n<div class=\"the-excerpt\">\n<p>The year was marked by the creation of the group Buffet Crampon.<\/p>\n<\/p><\/div>\n<p>\t\t<!-- End Announcement Excerpt --><\/p><\/div>\n<p>\t<!-- End Timeline Content --><\/p>\n<\/div>\n<p><!-- End Timeline Block --><\/p>\n<div class=\"cd-timeline-block may 26 2006 announcement-no-image announcement-143\">\n<div class=\"cd-timeline-img cd-picture icon-no-readmore\" style=\"background:#69787e;\">\n<p>\t\t\t<!-- Custom Action Hook --><\/p>\n<p>\t\t\t\t<!-- Standard Font Awesome Icon --><br \/>\n\t\t\t\t<span class=\"fa fa-caret-down\" title=\"2006\"><\/span><\/p><\/div>\n<p> <!-- cd-timeline-img --><\/p>\n<p>\t<!-- Timeline Content --><\/p>\n<div class=\"cd-timeline-content\">\n<p>\t\t<!-- Announcement Title --><\/p>\n<div class=\"cd-timeline-title-container\">\n<h2 class=\"cd-timeline-item-title\">\n\t\t\t\t2006\t\t\t<\/h2>\n<\/p><\/div>\n<p>\t\t<!-- End Announcement Title --><\/p>\n<p>\t\t<!-- Announcement Excerpt --><\/p>\n<div class=\"the-excerpt\">\n<p>The Buffet Crampon Group acquired two famous brass instrument brands: Antoine Courtois Paris and Besson.<\/p>\n<\/p><\/div>\n<p>\t\t<!-- End Announcement Excerpt --><\/p><\/div>\n<p>\t<!-- End Timeline Content --><\/p>\n<\/div>\n<p><!-- End Timeline Block --><\/p>\n<div class=\"cd-timeline-block may 26 2010 announcement-no-image announcement-144\">\n<div class=\"cd-timeline-img cd-picture icon-no-readmore\" style=\"background:#69787e;\">\n<p>\t\t\t<!-- Custom Action Hook --><\/p>\n<p>\t\t\t\t<!-- Standard Font Awesome Icon --><br \/>\n\t\t\t\t<span class=\"fa fa-caret-down\" title=\"2010\"><\/span><\/p><\/div>\n<p> <!-- cd-timeline-img --><\/p>\n<p>\t<!-- Timeline Content --><\/p>\n<div class=\"cd-timeline-content\">\n<p>\t\t<!-- Announcement Title --><\/p>\n<div class=\"cd-timeline-title-container\">\n<h2 class=\"cd-timeline-item-title\">\n\t\t\t\t2010\t\t\t<\/h2>\n<\/p><\/div>\n<p>\t\t<!-- End Announcement Title --><\/p>\n<p>\t\t<!-- Announcement Excerpt --><\/p>\n<div class=\"the-excerpt\">\n<p>The company continues to pursue its strategy of industrial independence, and through a new acquisition of a factory in Germany (Markneukirchen), it is able to develop new models of oboes and clarinets for students. The group, under the leadership of its Chairman, Antoine Beaussant, continues to grow in the wind instruments sector, with the entry into the group of two new brands: Schreiber and Julius Keilwerth.<\/p>\n<\/p><\/div>\n<p>\t\t<!-- End Announcement Excerpt --><\/p><\/div>\n<p>\t<!-- End Timeline Content --><\/p>\n<\/div>\n<p><!-- End Timeline Block --><\/p>\n<div class=\"cd-timeline-block may 26 2013 announcement-no-image announcement-146\">\n<div class=\"cd-timeline-img cd-picture icon-no-readmore\" style=\"background:#69787e;\">\n<p>\t\t\t<!-- Custom Action Hook --><\/p>\n<p>\t\t\t\t<!-- Standard Font Awesome Icon --><br \/>\n\t\t\t\t<span class=\"fa fa-caret-down\" title=\"2013\"><\/span><\/p><\/div>\n<p> <!-- cd-timeline-img --><\/p>\n<p>\t<!-- Timeline Content --><\/p>\n<div class=\"cd-timeline-content\">\n<p>\t\t<!-- Announcement Title --><\/p>\n<div class=\"cd-timeline-title-container\">\n<h2 class=\"cd-timeline-item-title\">\n\t\t\t\t2013\t\t\t<\/h2>\n<\/p><\/div>\n<p>\t\t<!-- End Announcement Title --><\/p>\n<p>\t\t<!-- Announcement Excerpt --><\/p>\n<div class=\"the-excerpt\">\n<p>Buffet Group acquires B&amp;S GmbH, the German family-controlled company founded 250 years ago and which is the leading German brass instrument manufacturer. B&amp;S, Hans Hoyer, Melton Meinl Weston and J. Scherzer now join Buffet Group&#8217;s prestigious brands.<\/p>\n<\/p><\/div>\n<p>\t\t<!-- End Announcement Excerpt --><\/p><\/div>\n<p>\t<!-- End Timeline Content --><\/p>\n<\/div>\n<p><!-- End Timeline Block --><\/p>\n<div class=\"cd-timeline-block may 26 2014 announcement-147\">\n<div class=\"cd-timeline-img cd-picture icon-no-readmore\" style=\"background:#78b8ae;\">\n<p>\t\t\t<!-- Custom Action Hook --><\/p>\n<p>\t\t\t\t<!-- Standard Font Awesome Icon --><br \/>\n\t\t\t\t<span class=\"fa fa-caret-down\" title=\"2014\"><\/span><\/p><\/div>\n<p> <!-- cd-timeline-img --><\/p>\n<p>\t<!-- Timeline Content --><\/p>\n<div class=\"cd-timeline-content\">\n<p>\t\t<!-- Announcement Title --><\/p>\n<div class=\"cd-timeline-title-container\">\n<h2 class=\"cd-timeline-item-title\">\n\t\t\t\t2014\t\t\t<\/h2>\n<\/p><\/div>\n<p>\t\t<!-- End Announcement Title --><\/p>\n<p>\t\t<img loading=\"lazy\" decoding=\"async\" width=\"350\" height=\"120\" src=\"https:\/\/buffet-multisite.buffet-preprod-02.modulodigital.com\/groupe\/wp-content\/uploads\/sites\/3\/2016\/05\/artboardcopy.png\" class=\"announcement-banner-image\" alt=\"2014\" \/><br \/>\n\t\t<!-- Announcement Excerpt --><\/p>\n<div class=\"the-excerpt\">\n<p>J\u00e9r\u00f4me Perrod appointed CEO of Buffet Group. J\u00e9r\u00f4me Perrod comments, \u201cI am glad to join such a prestigious company whose history goes back several centuries and I look forward to being part of its future. Supported by the extraordinary know-how of its highly professional teams in France and Germany, Buffet Group has the foundation needed to accelerate its growth, both in Europe and globally\u201d.<\/p>\n<\/p><\/div>\n<p>\t\t<!-- End Announcement Excerpt --><\/p><\/div>\n<p>\t<!-- End Timeline Content --><\/p>\n<\/div>\n<p><!-- End Timeline Block --><\/p>\n<div class=\"cd-timeline-block may 30 2015 announcement-no-image announcement-191\">\n<div class=\"cd-timeline-img cd-picture icon-no-readmore\" style=\"background:#69787e;\">\n<p>\t\t\t<!-- Custom Action Hook --><\/p>\n<p>\t\t\t\t<!-- Standard Font Awesome Icon --><br \/>\n\t\t\t\t<span class=\"fa fa-caret-down\" title=\"2015\"><\/span><\/p><\/div>\n<p> <!-- cd-timeline-img --><\/p>\n<p>\t<!-- Timeline Content --><\/p>\n<div class=\"cd-timeline-content\">\n<p>\t\t<!-- Announcement Title --><\/p>\n<div class=\"cd-timeline-title-container\">\n<h2 class=\"cd-timeline-item-title\">\n\t\t\t\t2015\t\t\t<\/h2>\n<\/p><\/div>\n<p>\t\t<!-- End Announcement Title --><\/p>\n<p>\t\t<!-- Announcement Excerpt --><\/p>\n<div class=\"the-excerpt\">\n<p>Buffet Crampon brand celebrates it&#8217;s 190th anniversary with musicians and friends from the entire world at Maison de la Radio in Paris<\/p>\n<\/p><\/div>\n<p>\t\t<!-- End Announcement Excerpt --><\/p><\/div>\n<p>\t<!-- End Timeline Content --><\/p>\n<\/div>\n<p><!-- End Timeline Block --><\/p>\n<div class=\"cd-timeline-block may 30 2016 announcement-no-image announcement-192\">\n<div class=\"cd-timeline-img cd-picture icon-no-readmore\" style=\"background:#69787e;\">\n<p>\t\t\t<!-- Custom Action Hook --><\/p>\n<p>\t\t\t\t<!-- Standard Font Awesome Icon --><br \/>\n\t\t\t\t<span class=\"fa fa-caret-down\" title=\"2016\"><\/span><\/p><\/div>\n<p> <!-- cd-timeline-img --><\/p>\n<p>\t<!-- Timeline Content --><\/p>\n<div class=\"cd-timeline-content\">\n<p>\t\t<!-- Announcement Title --><\/p>\n<div class=\"cd-timeline-title-container\">\n<h2 class=\"cd-timeline-item-title\">\n\t\t\t\t2016\t\t\t<\/h2>\n<\/p><\/div>\n<p>\t\t<!-- End Announcement Title --><\/p>\n<p>\t\t<!-- Announcement Excerpt --><\/p>\n<div class=\"the-excerpt\">\n<p>Buffet Crampon acquires Verne Q. Powell Flutes, American manufacturer of professional flutes based in Boston, Massachusetts (USA). The group provides now the complete catalog of professional wind instruments, with the acquisition of this 10th iconic brand.<\/p>\n<\/p><\/div>\n<p>\t\t<!-- End Announcement Excerpt --><\/p><\/div>\n<p>\t<!-- End Timeline Content --><\/p>\n<\/div>\n<p><!-- End Timeline Block --><\/p>\n<\/section>\n<p>\t\t\t<!-- Timeline Express Free v1.8.1 | Site: https:\/\/www.wp-timelineexpress.com | Author: CodeParrots - http:\/\/www.codeparrots.com --><\/p>\n","protected":false},"excerpt":{"rendered":"","protected":false},"author":2,"featured_media":0,"parent":0,"menu_order":0,"comment_status":"closed","ping_status":"closed","template":"","meta":{"_acf_changed":false,"_relevanssi_hide_post":"","_relevanssi_pin_for_all":"","_relevanssi_pin_keywords":"","_relevanssi_unpin_keywords":"","_relevanssi_related_keywords":"","_relevanssi_related_include_ids":"","_relevanssi_related_exclude_ids":"","_relevanssi_related_no_append":"","_relevanssi_related_not_related":"","_relevanssi_related_posts":"","_relevanssi_noindex_reason":"","footnotes":""},"class_list":["post-156","page","type-page","status-publish","hentry"],"acf":[],"_links":{"self":[{"href":"https:\/\/buffet-multisite.buffet-preprod-02.modulodigital.com\/groupe\/en\/wp-json\/wp\/v2\/pages\/156","targetHints":{"allow":["GET"]}}],"collection":[{"href":"https:\/\/buffet-multisite.buffet-preprod-02.modulodigital.com\/groupe\/en\/wp-json\/wp\/v2\/pages"}],"about":[{"href":"https:\/\/buffet-multisite.buffet-preprod-02.modulodigital.com\/groupe\/en\/wp-json\/wp\/v2\/types\/page"}],"author":[{"embeddable":true,"href":"https:\/\/buffet-multisite.buffet-preprod-02.modulodigital.com\/groupe\/en\/wp-json\/wp\/v2\/users\/2"}],"replies":[{"embeddable":true,"href":"https:\/\/buffet-multisite.buffet-preprod-02.modulodigital.com\/groupe\/en\/wp-json\/wp\/v2\/comments?post=156"}],"version-history":[{"count":1,"href":"https:\/\/buffet-multisite.buffet-preprod-02.modulodigital.com\/groupe\/en\/wp-json\/wp\/v2\/pages\/156\/revisions"}],"predecessor-version":[{"id":157,"href":"https:\/\/buffet-multisite.buffet-preprod-02.modulodigital.com\/groupe\/en\/wp-json\/wp\/v2\/pages\/156\/revisions\/157"}],"wp:attachment":[{"href":"https:\/\/buffet-multisite.buffet-preprod-02.modulodigital.com\/groupe\/en\/wp-json\/wp\/v2\/media?parent=156"}],"curies":[{"name":"wp","href":"https:\/\/api.w.org\/{rel}","templated":true}]}}